{"id":2187,"date":"2025-02-12T17:51:46","date_gmt":"2025-02-12T14:51:46","guid":{"rendered":"https:\/\/lifemobilevdesaglik.com\/online-gorusme\/"},"modified":"2025-02-25T23:43:56","modified_gmt":"2025-02-25T20:43:56","slug":"online-consultation","status":"publish","type":"page","link":"https:\/\/lifemobilevdesaglik.com\/en\/online-consultation\/","title":{"rendered":"Online Consultation"},"content":{"rendered":"<div class=\"wpb-content-wrapper\"><p>[vc_row][vc_column][\/vc_column][\/vc_row][vc_row el_class=&#8221;mobreverse&#8221;][vc_column width=&#8221;1\/4&#8243;]<script type=\"text\/javascript\">var gform;gform||(document.addEventListener(\"gform_main_scripts_loaded\",function(){gform.scriptsLoaded=!0}),window.addEventListener(\"DOMContentLoaded\",function(){gform.domLoaded=!0}),gform={domLoaded:!1,scriptsLoaded:!1,initializeOnLoaded:function(o){gform.domLoaded&&gform.scriptsLoaded?o():!gform.domLoaded&&gform.scriptsLoaded?window.addEventListener(\"DOMContentLoaded\",o):document.addEventListener(\"gform_main_scripts_loaded\",o)},hooks:{action:{},filter:{}},addAction:function(o,n,r,t){gform.addHook(\"action\",o,n,r,t)},addFilter:function(o,n,r,t){gform.addHook(\"filter\",o,n,r,t)},doAction:function(o){gform.doHook(\"action\",o,arguments)},applyFilters:function(o){return gform.doHook(\"filter\",o,arguments)},removeAction:function(o,n){gform.removeHook(\"action\",o,n)},removeFilter:function(o,n,r){gform.removeHook(\"filter\",o,n,r)},addHook:function(o,n,r,t,i){null==gform.hooks[o][n]&&(gform.hooks[o][n]=[]);var e=gform.hooks[o][n];null==i&&(i=n+\"_\"+e.length),gform.hooks[o][n].push({tag:i,callable:r,priority:t=null==t?10:t})},doHook:function(n,o,r){var t;if(r=Array.prototype.slice.call(r,1),null!=gform.hooks[n][o]&&((o=gform.hooks[n][o]).sort(function(o,n){return o.priority-n.priority}),o.forEach(function(o){\"function\"!=typeof(t=o.callable)&&(t=window[t]),\"action\"==n?t.apply(null,r):r[0]=t.apply(null,r)})),\"filter\"==n)return r[0]},removeHook:function(o,n,t,i){var r;null!=gform.hooks[o][n]&&(r=(r=gform.hooks[o][n]).filter(function(o,n,r){return!!(null!=i&&i!=o.tag||null!=t&&t!=o.priority)}),gform.hooks[o][n]=r)}});<\/script>\n                <div class='gf_browser_gecko gform_wrapper gravity-theme gform-theme--no-framework' data-form-theme='gravity-theme' data-form-index='0' id='gform_wrapper_10' >\n                        <div class='gform_heading'>\n\t\t\t\t\t\t\t<p class='gform_required_legend'>&quot;<span class=\"gfield_required gfield_required_asterisk\">*<\/span>&quot; indicates required fields<\/p>\n                        <\/div><form method='post' enctype='multipart\/form-data'  id='gform_10'  action='\/en\/wp-json\/wp\/v2\/pages\/2187' data-formid='10' >\n                        <div class='gform-body gform_body'><div id='gform_fields_10' class='gform_fields top_label form_sublabel_below description_below'><div id=\"field_10_7\"  class=\"gfield gfield--type-html gfield--width-full gfield_html gfield_html_formatted gfield_no_follows_desc field_sublabel_below gfield--no-description field_description_below gfield_visibility_visible\"  data-js-reload=\"field_10_7\"><div class=\"formtitle\"><h3>**LET US CALL YOU FOR A VIDEO CONSULTATION**<\/h3>\n<p>Your consultation will be conducted with Lifemobil Home Healthcare and Care Services.<\/p>\n<\/div><\/div><div id=\"field_10_1\"  class=\"gfield gfield--type-text gfield_contains_required field_sublabel_below gfield--no-description field_description_below hidden_label gfield_visibility_visible\"  data-js-reload=\"field_10_1\"><label class='gfield_label gform-field-label' for='input_10_1' >Ad Soyad<span class=\"gfield_required\"><span class=\"gfield_required gfield_required_asterisk\">*<\/span><\/span><\/label><div class='ginput_container ginput_container_text'><input name='input_1' id='input_10_1' type='text' value='' class='large'    placeholder='Name Surname' aria-required=\"true\" aria-invalid=\"false\"   \/> <\/div><\/div><div id=\"field_10_3\"  class=\"gfield gfield--type-email gfield--width-full gfield_contains_required field_sublabel_below gfield--no-description field_description_below hidden_label gfield_visibility_visible\"  data-js-reload=\"field_10_3\"><label class='gfield_label gform-field-label' for='input_10_3' >E-Posta<span class=\"gfield_required\"><span class=\"gfield_required gfield_required_asterisk\">*<\/span><\/span><\/label><div class='ginput_container ginput_container_email'>\n                            <input name='input_3' id='input_10_3' type='text' value='' class='large'   placeholder='Email' aria-required=\"true\" aria-invalid=\"false\"  \/>\n                        <\/div><\/div><div id=\"field_10_4\"  class=\"gfield gfield--type-phone gfield--width-full gfield_contains_required field_sublabel_below gfield--no-description field_description_below hidden_label gfield_visibility_visible\"  data-js-reload=\"field_10_4\"><label class='gfield_label gform-field-label' for='input_10_4' >Telefon<span class=\"gfield_required\"><span class=\"gfield_required gfield_required_asterisk\">*<\/span><\/span><\/label><div class='ginput_container ginput_container_phone'><input name='input_4' id='input_10_4' type='text' value='' class='large'  placeholder='Telephone' aria-required=\"true\" aria-invalid=\"false\"   \/><\/div><\/div><div id=\"field_10_8\"  class=\"gfield gfield--type-text gfield--width-full gfield_contains_required field_sublabel_below gfield--no-description field_description_below hidden_label gfield_visibility_visible\"  data-js-reload=\"field_10_8\"><label class='gfield_label gform-field-label' for='input_10_8' >Ya\u015fad\u0131\u011f\u0131n\u0131z \u0130l<span class=\"gfield_required\"><span class=\"gfield_required gfield_required_asterisk\">*<\/span><\/span><\/label><div class='ginput_container ginput_container_text'><input name='input_8' id='input_10_8' type='text' value='' class='large'    placeholder='Your City of Residence' aria-required=\"true\" aria-invalid=\"false\"   \/> <\/div><\/div><div id=\"field_10_9\"  class=\"gfield gfield--type-textarea gfield--width-full field_sublabel_below gfield--no-description field_description_below hidden_label gfield_visibility_visible\"  data-js-reload=\"field_10_9\"><label class='gfield_label gform-field-label' for='input_10_9' >Mesaj\u0131n\u0131z<\/label><div class='ginput_container ginput_container_textarea'><textarea name='input_9' id='input_10_9' class='textarea small'    placeholder='Your Message'  aria-invalid=\"false\"   rows='10' cols='50'><\/textarea><\/div><\/div><fieldset id=\"field_10_6\"  class=\"gfield gfield--type-consent gfield--type-choice gfield--input-type-consent gfield--width-full gfield_contains_required field_sublabel_below gfield--no-description field_description_below hidden_label gfield_visibility_visible\"  data-js-reload=\"field_10_6\"><legend class='gfield_label gform-field-label gfield_label_before_complex'  >Onay<span class=\"gfield_required\"><span class=\"gfield_required gfield_required_asterisk\">*<\/span><\/span><\/legend><div class='ginput_container ginput_container_consent'><input name='input_6.1' id='input_10_6_1' type='checkbox' value='1'   aria-required=\"true\" aria-invalid=\"false\"   \/> <label class=\"gform-field-label gform-field-label--type-inline gfield_consent_label\" for='input_10_6_1' >I have read, understood, and agree to the terms of the <a href=\"https:\/\/kreatiflive.com\/2025\/evdesaglik\/gizlilik-ilkesi\/\" target=\"_blank\">Privacy Policy<\/a>.<span class=\"gfield_required gfield_required_asterisk\">*<\/span><\/label><input type='hidden' name='input_6.2' value='I have read, understood, and agree to the terms of the &lt;a href=&quot;https:\/\/kreatiflive.com\/2025\/evdesaglik\/gizlilik-ilkesi\/&quot; target=&quot;_blank&quot;&gt;Privacy Policy&lt;\/a&gt;.' class='gform_hidden' \/><input type='hidden' name='input_6.3' value='10' class='gform_hidden' \/><\/div><\/fieldset><\/div><\/div>\n        <div class='gform_footer top_label'> <input type='submit' id='gform_submit_button_10' class='gform_button button' value='Send'  onclick='if(window[\"gf_submitting_10\"]){return false;}  window[\"gf_submitting_10\"]=true;  ' onkeypress='if( event.keyCode == 13 ){ if(window[\"gf_submitting_10\"]){return false;} window[\"gf_submitting_10\"]=true;  jQuery(\"#gform_10\").trigger(\"submit\",[true]); }' \/> \n            <input type='hidden' class='gform_hidden' name='is_submit_10' value='1' \/>\n            <input type='hidden' class='gform_hidden' name='gform_submit' value='10' \/>\n            \n            <input type='hidden' class='gform_hidden' name='gform_unique_id' value='' \/>\n            <input type='hidden' class='gform_hidden' name='state_10' value='WyJ7XCI2LjFcIjpcIjU4ODNmNWI0YzA4ODQ2ZWJlMTZkNDkxYmI0M2JkNjRhXCIsXCI2LjJcIjpcImE3MWYxYWU2MjYyNmM1ZGZkYTYzYThjZDlhZDRiNTI0XCIsXCI2LjNcIjpcIjZmNzFiMGRmMjQ2NGU4ZWY1ZTliNjVhNWRiYjNjNDEyXCJ9IiwiOWE3NjZkOTNlZTU0ZjRjY2ZkZTM5ZDMxYTgzNTI3OTAiXQ==' \/>\n            <input type='hidden' class='gform_hidden' name='gform_target_page_number_10' id='gform_target_page_number_10' value='0' \/>\n            <input type='hidden' class='gform_hidden' name='gform_source_page_number_10' id='gform_source_page_number_10' value='1' \/>\n            <input type='hidden' name='gform_field_values' value='' \/>\n            \n        <\/div>\n                        <\/form>\n                        <\/div><script type=\"text\/javascript\">\n\/* <![CDATA[ *\/\n gform.initializeOnLoaded( function() {gformInitSpinner( 10, 'https:\/\/lifemobilevdesaglik.com\/wp-content\/plugins\/gravityforms\/images\/spinner.svg', true );jQuery('#gform_ajax_frame_10').on('load',function(){var contents = jQuery(this).contents().find('*').html();var is_postback = contents.indexOf('GF_AJAX_POSTBACK') >= 0;if(!is_postback){return;}var form_content = jQuery(this).contents().find('#gform_wrapper_10');var is_confirmation = jQuery(this).contents().find('#gform_confirmation_wrapper_10').length > 0;var is_redirect = contents.indexOf('gformRedirect(){') >= 0;var is_form = form_content.length > 0 && ! is_redirect && ! is_confirmation;var mt = parseInt(jQuery('html').css('margin-top'), 10) + parseInt(jQuery('body').css('margin-top'), 10) + 100;if(is_form){jQuery('#gform_wrapper_10').html(form_content.html());if(form_content.hasClass('gform_validation_error')){jQuery('#gform_wrapper_10').addClass('gform_validation_error');} else {jQuery('#gform_wrapper_10').removeClass('gform_validation_error');}setTimeout( function() { \/* delay the scroll by 50 milliseconds to fix a bug in chrome *\/  }, 50 );if(window['gformInitDatepicker']) {gformInitDatepicker();}if(window['gformInitPriceFields']) {gformInitPriceFields();}var current_page = jQuery('#gform_source_page_number_10').val();gformInitSpinner( 10, 'https:\/\/lifemobilevdesaglik.com\/wp-content\/plugins\/gravityforms\/images\/spinner.svg', true );jQuery(document).trigger('gform_page_loaded', [10, current_page]);window['gf_submitting_10'] = false;}else if(!is_redirect){var confirmation_content = jQuery(this).contents().find('.GF_AJAX_POSTBACK').html();if(!confirmation_content){confirmation_content = contents;}setTimeout(function(){jQuery('#gform_wrapper_10').replaceWith(confirmation_content);jQuery(document).trigger('gform_confirmation_loaded', [10]);window['gf_submitting_10'] = false;wp.a11y.speak(jQuery('#gform_confirmation_message_10').text());}, 50);}else{jQuery('#gform_10').append(contents);if(window['gformRedirect']) {gformRedirect();}}jQuery(document).trigger('gform_post_render', [10, current_page]);gform.utils.trigger({ event: 'gform\/postRender', native: false, data: { formId: 10, currentPage: current_page } });} );} ); \n\/* ]]> *\/\n<\/script>\n[\/vc_column][vc_column width=&#8221;3\/4&#8243; el_class=&#8221;polileftspace lfcontent&#8221;][vc_single_image image=&#8221;625&#8243; img_size=&#8221;full&#8221; css=&#8221;&#8221;][vc_custom_heading source=&#8221;post_title&#8221; font_container=&#8221;tag:h3|text_align:left&#8221; use_theme_fonts=&#8221;yes&#8221; css=&#8221;&#8221; el_class=&#8221;secheading&#8221;][vc_column_text css=&#8221;&#8221;]<strong>Evde Sa\u011fl\u0131k Var.<\/strong> With our paid online consultation system, you can ask us any questions you may have. You can contact us by filling out our form or via WhatsApp.[\/vc_column_text]\r\n    <div class=\"contentcolor \" style=\"background-color:#FFFFFF; border: 1px solid #EEEEEE;\">\r\n    <h3><strong>What is the Online Consultation System?<\/strong><\/h3>\n<p>The online consultation system is a <strong>paid service<\/strong> designed to answer your health-related questions without leaving your home. It also enables home examinations when necessary and allows diagnostic tests and screenings to be conducted at your home. This service is provided as an <strong>online consultation via WhatsApp<\/strong> with our primary care doctor specialized in home healthcare.<\/p>\n<h3><strong>How is an Online Consultation Conducted?<\/strong><\/h3>\n<p>During this period, our doctor, who is voluntarily assisting patients, will conduct a <strong>preliminary consultation<\/strong> with you. If further examination or home healthcare services are required, you will be charged accordingly. No additional fees are requested outside of these services.<\/p>\n\r\n \r\n    <a href=\"\" class=\"kutubtn btn-primary btn-transition\"><\/a>\r\n    <\/div>\r\n\r\n     \r\n    \r\n      <div class=\"lfcta\">\r\n        <div class=\"row align-items-center\">\r\n          <div class=\"col-md-8\">\r\n          <h3>   <p>Evde Sa\u011fl\u0131k hizmetlerimiz hakk\u0131nda daha fazla bilgi almak i\u00e7in <span style=\"color: #f56a00;\">\u00e7a\u011fr\u0131 merkezimizle<\/span> ileti\u015fime ge\u00e7ebilir veya <span style=\"color: #f56a00;\">\u00fccretsiz bilgi al <span style=\"color: #000000;\">formunu<\/span> <\/span>doldurabilirsiniz.<\/p>\n<\/h3>\r\n          <\/div>\r\n          <div class=\"col-md-4\">\r\n   \r\n       <a href=\"https:\/\/api.whatsapp.com\/send?phone=+905548374902&text=Lifemed Evde Sa\u011fl\u0131k\" class=\"ctatel btn-transition\"  target=\"_blank\"><img decoding=\"async\" src=\"https:\/\/lifemobilevdesaglik.com\/wp-content\/themes\/tisistem\/assets\/images\/whatsapp.svg\" alt=\"\"> Whatsapp Bilgi Al<\/a>\r\n\r\n          <\/div>\r\n        <\/div>\r\n        <\/div>\r\n     \r\n    [vc_row_inner el_class=&#8221;contentwhite&#8221;][vc_column_inner][vc_column_text css=&#8221;&#8221;]<\/p>\n<h3><strong>Steps to Schedule an Online Video Consultation<\/strong><\/h3>\n<ol>\n<li><strong>Fill out the form<\/strong> on our page or contact us via our call center at <strong>444 54 66<\/strong>.<\/li>\n<li><strong>We will schedule your appointment<\/strong> and determine a suitable time for your consultation. This process is free of charge.<\/li>\n<li><strong>Have an online video consultation<\/strong> with our doctor.<\/li>\n<li><strong>Based on the doctor&#8217;s evaluation,<\/strong> the consultation will be completed, or a home visit will be arranged to provide healthcare services. This service is charged based on the type of care required.<\/li>\n<\/ol>\n<p>[\/vc_column_text][\/vc_column_inner][\/vc_row_inner][vc_video link=&#8221;https:\/\/youtu.be\/7vjQXe0rANY&#8221; css=&#8221;&#8221;][vc_row_inner el_class=&#8221;contentorange&#8221;][vc_column_inner][vc_column_text css=&#8221;&#8221;]<\/p>\n<h3><strong>What device should I use for a video consultation?<\/strong><\/h3>\n<p>To conduct the consultation, you only need a device with a working camera and microphone, along with a stable internet connection.<\/p>\n<h3><strong>If I face issues like the battery running out or the internet disconnecting, can I continue the consultation later?<\/strong><\/h3>\n<p>Yes, based on the doctor&#8217;s availability, it is possible to resume the consultation from where you left off.<\/p>\n<h3><strong>What should I do if the doctor deems an examination necessary during the video consultation?<\/strong><\/h3>\n<p>Under our home healthcare services, our doctor and healthcare staff will visit your address and carry out the necessary examination.<\/p>\n<h3><strong>What healthcare services can I receive in a home environment?<\/strong><\/h3>\n<p>Based on the evaluation during your consultation, our specialists can provide the following home healthcare services:<\/p>\n<ul>\n<li><strong>24\/7 home care nurse<\/strong><\/li>\n<li><strong>Baby tests at home<\/strong><\/li>\n<li><strong>Baby training at home<\/strong><\/li>\n<li><strong>Infusion at home<\/strong><\/li>\n<li><strong>Tests at home<\/strong><\/li>\n<li><strong>Catheter replacement at home<\/strong><\/li>\n<li><strong>Injection at home<\/strong><\/li>\n<li><strong>Ozone therapy at home<\/strong><\/li>\n<li><strong>Elderly care at home<\/strong><\/li>\n<\/ul>\n<p>[\/vc_column_text][\/vc_column_inner][\/vc_row_inner][\/vc_column][\/vc_row]<\/p>\n<\/div>","protected":false},"excerpt":{"rendered":"<p>[vc_row][vc_column][\/vc_column][\/vc_row][vc_row el_class=&#8221;mobreverse&#8221;][vc_column width=&#8221;1\/4&#8243;][\/vc_column][vc_column width=&#8221;3\/4&#8243; el_class=&#8221;polileftspace lfcontent&#8221;][vc_single_image image=&#8221;625&#8243; img_size=&#8221;full&#8221; css=&#8221;&#8221;][vc_custom_heading source=&#8221;post_title&#8221; font_container=&#8221;tag:h3|text_align:left&#8221; use_theme_fonts=&#8221;yes&#8221; css=&#8221;&#8221; el_class=&#8221;secheading&#8221;][vc_column_text css=&#8221;&#8221;]Evde Sa\u011fl\u0131k Var. With our paid online consultation system, you can ask us any questions you may have. You can contact us by filling out our form or via WhatsApp.[\/vc_column_text][vc_row_inner el_class=&#8221;contentwhite&#8221;][vc_column_inner][vc_column_text css=&#8221;&#8221;] Steps to Schedule an Online Video Consultation Fill out the form on our page or contact us via our call center at 444 54 66. We will schedule your appointment and determine a suitable time for your consultation. This process is free of charge. Have an online video consultation with our doctor. Based on [&hellip;]<\/p>\n","protected":false},"author":1,"featured_media":0,"parent":0,"menu_order":0,"comment_status":"closed","ping_status":"closed","template":"","meta":{"footnotes":""},"class_list":["post-2187","page","type-page","status-publish","hentry"],"yoast_head":"<!-- This site is optimized with the Yoast SEO plugin v24.1 - https:\/\/yoast.com\/wordpress\/plugins\/seo\/ -->\n<title>Online Consultation - Kad\u0131k\u00f6y Lifemobil Evde Sa\u011fl\u0131k ve Bak\u0131m<\/title>\n<meta name=\"robots\" content=\"index, follow, max-snippet:-1, max-image-preview:large, max-video-preview:-1\" \/>\n<link rel=\"canonical\" href=\"https:\/\/lifemobilevdesaglik.com\/en\/online-consultation\/\" \/>\n<meta property=\"og:locale\" content=\"en_US\" \/>\n<meta property=\"og:type\" content=\"article\" \/>\n<meta property=\"og:title\" content=\"Online Consultation - Kad\u0131k\u00f6y Lifemobil Evde Sa\u011fl\u0131k ve Bak\u0131m\" \/>\n<meta property=\"og:description\" content=\"[vc_row][vc_column][\/vc_column][\/vc_row][vc_row el_class=&#8221;mobreverse&#8221;][vc_column width=&#8221;1\/4&#8243;][\/vc_column][vc_column width=&#8221;3\/4&#8243; el_class=&#8221;polileftspace lfcontent&#8221;][vc_single_image image=&#8221;625&#8243; img_size=&#8221;full&#8221; css=&#8221;&#8221;][vc_custom_heading source=&#8221;post_title&#8221; font_container=&#8221;tag:h3|text_align:left&#8221; use_theme_fonts=&#8221;yes&#8221; css=&#8221;&#8221; el_class=&#8221;secheading&#8221;][vc_column_text css=&#8221;&#8221;]Evde Sa\u011fl\u0131k Var. With our paid online consultation system, you can ask us any questions you may have. You can contact us by filling out our form or via WhatsApp.[\/vc_column_text][vc_row_inner el_class=&#8221;contentwhite&#8221;][vc_column_inner][vc_column_text css=&#8221;&#8221;] Steps to Schedule an Online Video Consultation Fill out the form on our page or contact us via our call center at 444 54 66. We will schedule your appointment and determine a suitable time for your consultation. This process is free of charge. Have an online video consultation with our doctor. Based on [&hellip;]\" \/>\n<meta property=\"og:url\" content=\"https:\/\/lifemobilevdesaglik.com\/en\/online-consultation\/\" \/>\n<meta property=\"og:site_name\" content=\"Kad\u0131k\u00f6y Lifemobil Evde Sa\u011fl\u0131k ve Bak\u0131m\" \/>\n<meta property=\"article:modified_time\" content=\"2025-02-25T20:43:56+00:00\" \/>\n<meta name=\"twitter:card\" content=\"summary_large_image\" \/>\n<meta name=\"twitter:label1\" content=\"Est. reading time\" \/>\n\t<meta name=\"twitter:data1\" content=\"3 minutes\" \/>\n<script type=\"application\/ld+json\" class=\"yoast-schema-graph\">{\"@context\":\"https:\/\/schema.org\",\"@graph\":[{\"@type\":\"WebPage\",\"@id\":\"https:\/\/lifemobilevdesaglik.com\/en\/online-consultation\/\",\"url\":\"https:\/\/lifemobilevdesaglik.com\/en\/online-consultation\/\",\"name\":\"Online Consultation - Kad\u0131k\u00f6y Lifemobil Evde Sa\u011fl\u0131k ve Bak\u0131m\",\"isPartOf\":{\"@id\":\"https:\/\/lifemobilevdesaglik.com\/#website\"},\"datePublished\":\"2025-02-12T14:51:46+00:00\",\"dateModified\":\"2025-02-25T20:43:56+00:00\",\"breadcrumb\":{\"@id\":\"https:\/\/lifemobilevdesaglik.com\/en\/online-consultation\/#breadcrumb\"},\"inLanguage\":\"en-US\",\"potentialAction\":[{\"@type\":\"ReadAction\",\"target\":[\"https:\/\/lifemobilevdesaglik.com\/en\/online-consultation\/\"]}]},{\"@type\":\"BreadcrumbList\",\"@id\":\"https:\/\/lifemobilevdesaglik.com\/en\/online-consultation\/#breadcrumb\",\"itemListElement\":[{\"@type\":\"ListItem\",\"position\":1,\"name\":\"Anasayfa\",\"item\":\"https:\/\/lifemobilevdesaglik.com\/en\/\"},{\"@type\":\"ListItem\",\"position\":2,\"name\":\"Online Consultation\"}]},{\"@type\":\"WebSite\",\"@id\":\"https:\/\/lifemobilevdesaglik.com\/#website\",\"url\":\"https:\/\/lifemobilevdesaglik.com\/\",\"name\":\"Kad\u0131k\u00f6y Lifemobil Evde Sa\u011fl\u0131k ve Bak\u0131m\",\"description\":\"\",\"potentialAction\":[{\"@type\":\"SearchAction\",\"target\":{\"@type\":\"EntryPoint\",\"urlTemplate\":\"https:\/\/lifemobilevdesaglik.com\/?s={search_term_string}\"},\"query-input\":{\"@type\":\"PropertyValueSpecification\",\"valueRequired\":true,\"valueName\":\"search_term_string\"}}],\"inLanguage\":\"en-US\"}]}<\/script>\n<!-- \/ Yoast SEO plugin. -->","yoast_head_json":{"title":"Online Consultation - Kad\u0131k\u00f6y Lifemobil Evde Sa\u011fl\u0131k ve Bak\u0131m","robots":{"index":"index","follow":"follow","max-snippet":"max-snippet:-1","max-image-preview":"max-image-preview:large","max-video-preview":"max-video-preview:-1"},"canonical":"https:\/\/lifemobilevdesaglik.com\/en\/online-consultation\/","og_locale":"en_US","og_type":"article","og_title":"Online Consultation - Kad\u0131k\u00f6y Lifemobil Evde Sa\u011fl\u0131k ve Bak\u0131m","og_description":"[vc_row][vc_column][\/vc_column][\/vc_row][vc_row el_class=&#8221;mobreverse&#8221;][vc_column width=&#8221;1\/4&#8243;][\/vc_column][vc_column width=&#8221;3\/4&#8243; el_class=&#8221;polileftspace lfcontent&#8221;][vc_single_image image=&#8221;625&#8243; img_size=&#8221;full&#8221; css=&#8221;&#8221;][vc_custom_heading source=&#8221;post_title&#8221; font_container=&#8221;tag:h3|text_align:left&#8221; use_theme_fonts=&#8221;yes&#8221; css=&#8221;&#8221; el_class=&#8221;secheading&#8221;][vc_column_text css=&#8221;&#8221;]Evde Sa\u011fl\u0131k Var. With our paid online consultation system, you can ask us any questions you may have. You can contact us by filling out our form or via WhatsApp.[\/vc_column_text][vc_row_inner el_class=&#8221;contentwhite&#8221;][vc_column_inner][vc_column_text css=&#8221;&#8221;] Steps to Schedule an Online Video Consultation Fill out the form on our page or contact us via our call center at 444 54 66. We will schedule your appointment and determine a suitable time for your consultation. This process is free of charge. Have an online video consultation with our doctor. Based on [&hellip;]","og_url":"https:\/\/lifemobilevdesaglik.com\/en\/online-consultation\/","og_site_name":"Kad\u0131k\u00f6y Lifemobil Evde Sa\u011fl\u0131k ve Bak\u0131m","article_modified_time":"2025-02-25T20:43:56+00:00","twitter_card":"summary_large_image","twitter_misc":{"Est. reading time":"3 minutes"},"schema":{"@context":"https:\/\/schema.org","@graph":[{"@type":"WebPage","@id":"https:\/\/lifemobilevdesaglik.com\/en\/online-consultation\/","url":"https:\/\/lifemobilevdesaglik.com\/en\/online-consultation\/","name":"Online Consultation - Kad\u0131k\u00f6y Lifemobil Evde Sa\u011fl\u0131k ve Bak\u0131m","isPartOf":{"@id":"https:\/\/lifemobilevdesaglik.com\/#website"},"datePublished":"2025-02-12T14:51:46+00:00","dateModified":"2025-02-25T20:43:56+00:00","breadcrumb":{"@id":"https:\/\/lifemobilevdesaglik.com\/en\/online-consultation\/#breadcrumb"},"inLanguage":"en-US","potentialAction":[{"@type":"ReadAction","target":["https:\/\/lifemobilevdesaglik.com\/en\/online-consultation\/"]}]},{"@type":"BreadcrumbList","@id":"https:\/\/lifemobilevdesaglik.com\/en\/online-consultation\/#breadcrumb","itemListElement":[{"@type":"ListItem","position":1,"name":"Anasayfa","item":"https:\/\/lifemobilevdesaglik.com\/en\/"},{"@type":"ListItem","position":2,"name":"Online Consultation"}]},{"@type":"WebSite","@id":"https:\/\/lifemobilevdesaglik.com\/#website","url":"https:\/\/lifemobilevdesaglik.com\/","name":"Kad\u0131k\u00f6y Lifemobil Evde Sa\u011fl\u0131k ve Bak\u0131m","description":"","potentialAction":[{"@type":"SearchAction","target":{"@type":"EntryPoint","urlTemplate":"https:\/\/lifemobilevdesaglik.com\/?s={search_term_string}"},"query-input":{"@type":"PropertyValueSpecification","valueRequired":true,"valueName":"search_term_string"}}],"inLanguage":"en-US"}]}},"_links":{"self":[{"href":"https:\/\/lifemobilevdesaglik.com\/en\/wp-json\/wp\/v2\/pages\/2187","targetHints":{"allow":["GET"]}}],"collection":[{"href":"https:\/\/lifemobilevdesaglik.com\/en\/wp-json\/wp\/v2\/pages"}],"about":[{"href":"https:\/\/lifemobilevdesaglik.com\/en\/wp-json\/wp\/v2\/types\/page"}],"author":[{"embeddable":true,"href":"https:\/\/lifemobilevdesaglik.com\/en\/wp-json\/wp\/v2\/users\/1"}],"replies":[{"embeddable":true,"href":"https:\/\/lifemobilevdesaglik.com\/en\/wp-json\/wp\/v2\/comments?post=2187"}],"version-history":[{"count":4,"href":"https:\/\/lifemobilevdesaglik.com\/en\/wp-json\/wp\/v2\/pages\/2187\/revisions"}],"predecessor-version":[{"id":2415,"href":"https:\/\/lifemobilevdesaglik.com\/en\/wp-json\/wp\/v2\/pages\/2187\/revisions\/2415"}],"wp:attachment":[{"href":"https:\/\/lifemobilevdesaglik.com\/en\/wp-json\/wp\/v2\/media?parent=2187"}],"curies":[{"name":"wp","href":"https:\/\/api.w.org\/{rel}","templated":true}]}}