{"id":2190,"date":"2025-02-12T14:06:53","date_gmt":"2025-02-12T11:06:53","guid":{"rendered":"https:\/\/lifemobilevdesaglik.com\/covid-19\/"},"modified":"2025-02-12T14:06:53","modified_gmt":"2025-02-12T11:06:53","slug":"covid-19","status":"publish","type":"page","link":"https:\/\/lifemobilevdesaglik.com\/en\/video-gallery\/covid-19\/","title":{"rendered":"Covid-19"},"content":{"rendered":"<div class=\"wpb-content-wrapper\"><p>[vc_row css=&#8221;.vc_custom_1739358421428{margin-bottom: 120px !important;}&#8221;][vc_column width=&#8221;1\/2&#8243;][vc_custom_heading text=&#8221;Kurumumuzda veya Evinizde Covid-19 Testleri Yap\u0131lmaktad\u0131r&#8221; use_theme_fonts=&#8221;yes&#8221; css=&#8221;&#8221;][vc_video link=&#8221;https:\/\/youtu.be\/R4aEaPTjqFk&#8221; css=&#8221;&#8221;][vc_column_text css=&#8221;&#8221;]Kurumumuzda Koronavir\u00fcs salg\u0131n\u0131 kapsam\u0131nda hijyen ve sterilizasyon uygun olarak COVID-19 PCR (S\u00fcr\u00fcnt\u00fc Testi) IgM Antikor, IgG Antikor ve laboratuvar testleri yap\u0131lmaktad\u0131r. Randevu i\u00e7in 444 54 66 \u00e7a\u011fr\u0131 merkezimizle g\u00f6r\u00fc\u015febilirsiniz.[\/vc_column_text][\/vc_column][vc_column width=&#8221;1\/2&#8243;][\/vc_column][\/vc_row]<\/p>\n<\/div>","protected":false},"excerpt":{"rendered":"<p>[vc_row css=&#8221;.vc_custom_1739358421428{margin-bottom: 120px !important;}&#8221;][vc_column width=&#8221;1\/2&#8243;][vc_custom_heading text=&#8221;Kurumumuzda veya Evinizde Covid-19 Testleri Yap\u0131lmaktad\u0131r&#8221; use_theme_fonts=&#8221;yes&#8221; css=&#8221;&#8221;][vc_video link=&#8221;https:\/\/youtu.be\/R4aEaPTjqFk&#8221; css=&#8221;&#8221;][vc_column_text css=&#8221;&#8221;]Kurumumuzda Koronavir\u00fcs salg\u0131n\u0131 kapsam\u0131nda hijyen ve sterilizasyon uygun olarak COVID-19 PCR (S\u00fcr\u00fcnt\u00fc Testi) IgM Antikor, IgG Antikor ve laboratuvar testleri yap\u0131lmaktad\u0131r. Randevu i\u00e7in 444 54 66 \u00e7a\u011fr\u0131 merkezimizle g\u00f6r\u00fc\u015febilirsiniz.[\/vc_column_text][\/vc_column][vc_column width=&#8221;1\/2&#8243;][\/vc_column][\/vc_row]<\/p>\n","protected":false},"author":1,"featured_media":0,"parent":2195,"menu_order":0,"comment_status":"closed","ping_status":"closed","template":"","meta":{"footnotes":""},"class_list":["post-2190","page","type-page","status-publish","hentry"],"yoast_head":"<!-- This site is optimized with the Yoast SEO plugin v24.1 - https:\/\/yoast.com\/wordpress\/plugins\/seo\/ -->\n<title>Covid-19 - Kad\u0131k\u00f6y Lifemobil Evde Sa\u011fl\u0131k ve Bak\u0131m<\/title>\n<meta name=\"robots\" content=\"index, follow, max-snippet:-1, max-image-preview:large, max-video-preview:-1\" \/>\n<link rel=\"canonical\" href=\"https:\/\/lifemobilevdesaglik.com\/en\/covid-19\/\" \/>\n<meta property=\"og:locale\" content=\"en_US\" \/>\n<meta property=\"og:type\" content=\"article\" \/>\n<meta property=\"og:title\" content=\"Covid-19 - Kad\u0131k\u00f6y Lifemobil Evde Sa\u011fl\u0131k ve Bak\u0131m\" \/>\n<meta property=\"og:description\" content=\"[vc_row css=&#8221;.vc_custom_1739358421428{margin-bottom: 120px !important;}&#8221;][vc_column width=&#8221;1\/2&#8243;][vc_custom_heading text=&#8221;Kurumumuzda veya Evinizde Covid-19 Testleri Yap\u0131lmaktad\u0131r&#8221; use_theme_fonts=&#8221;yes&#8221; css=&#8221;&#8221;][vc_video link=&#8221;https:\/\/youtu.be\/R4aEaPTjqFk&#8221; css=&#8221;&#8221;][vc_column_text css=&#8221;&#8221;]Kurumumuzda Koronavir\u00fcs salg\u0131n\u0131 kapsam\u0131nda hijyen ve sterilizasyon uygun olarak COVID-19 PCR (S\u00fcr\u00fcnt\u00fc Testi) IgM Antikor, IgG Antikor ve laboratuvar testleri yap\u0131lmaktad\u0131r. Randevu i\u00e7in 444 54 66 \u00e7a\u011fr\u0131 merkezimizle g\u00f6r\u00fc\u015febilirsiniz.[\/vc_column_text][\/vc_column][vc_column width=&#8221;1\/2&#8243;][\/vc_column][\/vc_row]\" \/>\n<meta property=\"og:url\" content=\"https:\/\/lifemobilevdesaglik.com\/en\/covid-19\/\" \/>\n<meta property=\"og:site_name\" content=\"Kad\u0131k\u00f6y Lifemobil Evde Sa\u011fl\u0131k ve Bak\u0131m\" \/>\n<meta name=\"twitter:card\" content=\"summary_large_image\" \/>\n<script type=\"application\/ld+json\" class=\"yoast-schema-graph\">{\"@context\":\"https:\/\/schema.org\",\"@graph\":[{\"@type\":\"WebPage\",\"@id\":\"https:\/\/lifemobilevdesaglik.com\/en\/covid-19\/\",\"url\":\"https:\/\/lifemobilevdesaglik.com\/en\/covid-19\/\",\"name\":\"Covid-19 - Kad\u0131k\u00f6y Lifemobil Evde Sa\u011fl\u0131k ve Bak\u0131m\",\"isPartOf\":{\"@id\":\"https:\/\/lifemobilevdesaglik.com\/#website\"},\"datePublished\":\"2025-02-12T11:06:53+00:00\",\"dateModified\":\"2025-02-12T11:06:53+00:00\",\"breadcrumb\":{\"@id\":\"https:\/\/lifemobilevdesaglik.com\/en\/covid-19\/#breadcrumb\"},\"inLanguage\":\"en-US\",\"potentialAction\":[{\"@type\":\"ReadAction\",\"target\":[\"https:\/\/lifemobilevdesaglik.com\/en\/covid-19\/\"]}]},{\"@type\":\"BreadcrumbList\",\"@id\":\"https:\/\/lifemobilevdesaglik.com\/en\/covid-19\/#breadcrumb\",\"itemListElement\":[{\"@type\":\"ListItem\",\"position\":1,\"name\":\"Anasayfa\",\"item\":\"https:\/\/lifemobilevdesaglik.com\/en\/\"},{\"@type\":\"ListItem\",\"position\":2,\"name\":\"Covid-19\"}]},{\"@type\":\"WebSite\",\"@id\":\"https:\/\/lifemobilevdesaglik.com\/#website\",\"url\":\"https:\/\/lifemobilevdesaglik.com\/\",\"name\":\"Kad\u0131k\u00f6y Lifemobil Evde Sa\u011fl\u0131k ve Bak\u0131m\",\"description\":\"\",\"potentialAction\":[{\"@type\":\"SearchAction\",\"target\":{\"@type\":\"EntryPoint\",\"urlTemplate\":\"https:\/\/lifemobilevdesaglik.com\/?s={search_term_string}\"},\"query-input\":{\"@type\":\"PropertyValueSpecification\",\"valueRequired\":true,\"valueName\":\"search_term_string\"}}],\"inLanguage\":\"en-US\"}]}<\/script>\n<!-- \/ Yoast SEO plugin. -->","yoast_head_json":{"title":"Covid-19 - Kad\u0131k\u00f6y Lifemobil Evde Sa\u011fl\u0131k ve Bak\u0131m","robots":{"index":"index","follow":"follow","max-snippet":"max-snippet:-1","max-image-preview":"max-image-preview:large","max-video-preview":"max-video-preview:-1"},"canonical":"https:\/\/lifemobilevdesaglik.com\/en\/covid-19\/","og_locale":"en_US","og_type":"article","og_title":"Covid-19 - Kad\u0131k\u00f6y Lifemobil Evde Sa\u011fl\u0131k ve Bak\u0131m","og_description":"[vc_row css=&#8221;.vc_custom_1739358421428{margin-bottom: 120px !important;}&#8221;][vc_column width=&#8221;1\/2&#8243;][vc_custom_heading text=&#8221;Kurumumuzda veya Evinizde Covid-19 Testleri Yap\u0131lmaktad\u0131r&#8221; use_theme_fonts=&#8221;yes&#8221; css=&#8221;&#8221;][vc_video link=&#8221;https:\/\/youtu.be\/R4aEaPTjqFk&#8221; css=&#8221;&#8221;][vc_column_text css=&#8221;&#8221;]Kurumumuzda Koronavir\u00fcs salg\u0131n\u0131 kapsam\u0131nda hijyen ve sterilizasyon uygun olarak COVID-19 PCR (S\u00fcr\u00fcnt\u00fc Testi) IgM Antikor, IgG Antikor ve laboratuvar testleri yap\u0131lmaktad\u0131r. Randevu i\u00e7in 444 54 66 \u00e7a\u011fr\u0131 merkezimizle g\u00f6r\u00fc\u015febilirsiniz.[\/vc_column_text][\/vc_column][vc_column width=&#8221;1\/2&#8243;][\/vc_column][\/vc_row]","og_url":"https:\/\/lifemobilevdesaglik.com\/en\/covid-19\/","og_site_name":"Kad\u0131k\u00f6y Lifemobil Evde Sa\u011fl\u0131k ve Bak\u0131m","twitter_card":"summary_large_image","schema":{"@context":"https:\/\/schema.org","@graph":[{"@type":"WebPage","@id":"https:\/\/lifemobilevdesaglik.com\/en\/covid-19\/","url":"https:\/\/lifemobilevdesaglik.com\/en\/covid-19\/","name":"Covid-19 - Kad\u0131k\u00f6y Lifemobil Evde Sa\u011fl\u0131k ve Bak\u0131m","isPartOf":{"@id":"https:\/\/lifemobilevdesaglik.com\/#website"},"datePublished":"2025-02-12T11:06:53+00:00","dateModified":"2025-02-12T11:06:53+00:00","breadcrumb":{"@id":"https:\/\/lifemobilevdesaglik.com\/en\/covid-19\/#breadcrumb"},"inLanguage":"en-US","potentialAction":[{"@type":"ReadAction","target":["https:\/\/lifemobilevdesaglik.com\/en\/covid-19\/"]}]},{"@type":"BreadcrumbList","@id":"https:\/\/lifemobilevdesaglik.com\/en\/covid-19\/#breadcrumb","itemListElement":[{"@type":"ListItem","position":1,"name":"Anasayfa","item":"https:\/\/lifemobilevdesaglik.com\/en\/"},{"@type":"ListItem","position":2,"name":"Covid-19"}]},{"@type":"WebSite","@id":"https:\/\/lifemobilevdesaglik.com\/#website","url":"https:\/\/lifemobilevdesaglik.com\/","name":"Kad\u0131k\u00f6y Lifemobil Evde Sa\u011fl\u0131k ve Bak\u0131m","description":"","potentialAction":[{"@type":"SearchAction","target":{"@type":"EntryPoint","urlTemplate":"https:\/\/lifemobilevdesaglik.com\/?s={search_term_string}"},"query-input":{"@type":"PropertyValueSpecification","valueRequired":true,"valueName":"search_term_string"}}],"inLanguage":"en-US"}]}},"_links":{"self":[{"href":"https:\/\/lifemobilevdesaglik.com\/en\/wp-json\/wp\/v2\/pages\/2190","targetHints":{"allow":["GET"]}}],"collection":[{"href":"https:\/\/lifemobilevdesaglik.com\/en\/wp-json\/wp\/v2\/pages"}],"about":[{"href":"https:\/\/lifemobilevdesaglik.com\/en\/wp-json\/wp\/v2\/types\/page"}],"author":[{"embeddable":true,"href":"https:\/\/lifemobilevdesaglik.com\/en\/wp-json\/wp\/v2\/users\/1"}],"replies":[{"embeddable":true,"href":"https:\/\/lifemobilevdesaglik.com\/en\/wp-json\/wp\/v2\/comments?post=2190"}],"version-history":[{"count":0,"href":"https:\/\/lifemobilevdesaglik.com\/en\/wp-json\/wp\/v2\/pages\/2190\/revisions"}],"up":[{"embeddable":true,"href":"https:\/\/lifemobilevdesaglik.com\/en\/wp-json\/wp\/v2\/pages\/2195"}],"wp:attachment":[{"href":"https:\/\/lifemobilevdesaglik.com\/en\/wp-json\/wp\/v2\/media?parent=2190"}],"curies":[{"name":"wp","href":"https:\/\/api.w.org\/{rel}","templated":true}]}}