{"id":2191,"date":"2025-02-12T14:01:48","date_gmt":"2025-02-12T11:01:48","guid":{"rendered":"https:\/\/lifemobilevdesaglik.com\/evde-fizik-tedavi\/"},"modified":"2025-02-27T15:23:57","modified_gmt":"2025-02-27T12:23:57","slug":"physical-therapy-at-home","status":"publish","type":"page","link":"https:\/\/lifemobilevdesaglik.com\/en\/video-gallery\/physical-therapy-at-home\/","title":{"rendered":"Physical Therapy at Home"},"content":{"rendered":"<div class=\"wpb-content-wrapper\"><p>[vc_row css=&#8221;.vc_custom_1739358315686{margin-top: 90px !important;}&#8221;][vc_column width=&#8221;1\/2&#8243;][vc_custom_heading text=&#8221;Evde EKG \u00c7ekimi Nedir? Nas\u0131l Yap\u0131l\u0131r?&#8221; use_theme_fonts=&#8221;yes&#8221; css=&#8221;&#8221;][vc_video link=&#8221;https:\/\/www.youtube.com\/watch?v=Py68bShD5vE&#8221; css=&#8221;&#8221;][vc_column_text css=&#8221;&#8221;]Evde EKG (Elektrokardiyografi), ki\u015finin kalp sa\u011fl\u0131\u011f\u0131n\u0131 de\u011ferlendirmek amac\u0131yla ev ortam\u0131nda yap\u0131lan bir EKG \u00e7ekimidir. Normalde hastanelerde veya kliniklerde ger\u00e7ekle\u015ftirilen bu test, ta\u015f\u0131nabilir EKG cihazlar\u0131yla evde yap\u0131labilir.[\/vc_column_text][\/vc_column][vc_column width=&#8221;1\/2&#8243;][vc_custom_heading text=&#8221;Evde USG \u00c7ekimi Nedir? Lifemobil Evde Sa\u011fl\u0131k ve Bak\u0131m&#8221; use_theme_fonts=&#8221;yes&#8221; css=&#8221;&#8221;][vc_video link=&#8221;https:\/\/www.youtube.com\/watch?v=knWzx8RF2U4&#8243; css=&#8221;&#8221;][vc_column_text css=&#8221;&#8221;]Evde ultrasonografi (USG) \u00e7ekimi, ultrason cihaz\u0131 ile hastan\u0131n evinde yap\u0131labilen bir t\u0131bbi g\u00f6r\u00fcnt\u00fcleme y\u00f6ntemidir. Bu hizmet sayesinde, hastalar evlerinin rahatl\u0131\u011f\u0131nda ve konforunda USG \u00e7ekimini ger\u00e7ekle\u015ftirebilirler. Genellikle yata\u011fa ba\u011f\u0131ml\u0131, hareket k\u0131s\u0131tl\u0131l\u0131\u011f\u0131 olan ya da evden \u00e7\u0131kmakta zorlanan hastalar i\u00e7in tercih edilir.[\/vc_column_text][\/vc_column][\/vc_row][vc_row css=&#8221;.vc_custom_1739358315686{margin-top: 90px !important;}&#8221;][vc_column width=&#8221;1\/2&#8243;][vc_custom_heading text=&#8221;Evde Doktor Hizmeti&#8221; use_theme_fonts=&#8221;yes&#8221; css=&#8221;&#8221;][vc_video link=&#8221;https:\/\/www.youtube.com\/watch?v=7vjQXe0rANY&#8221; css=&#8221;&#8221;][vc_column_text css=&#8221;&#8221;]Te\u015fhis, tedavi ve hastal\u0131k takibi gerektiren durumlarda hastalar\u0131m\u0131z\u0131n ev konforunda muayenelerinin yap\u0131lmas\u0131 ve gerekli durumlarda multidisipliner bir yakla\u015f\u0131mla laboratuvar, g\u00f6r\u00fcnt\u00fcleme ve hem\u015firelik hizmetlerinin sa\u011flanmas\u0131 bu alanda uzman doktorlar\u0131m\u0131z taraf\u0131ndan ger\u00e7ekle\u015ftirilmektedir.[\/vc_column_text][\/vc_column][vc_column width=&#8221;1\/2&#8243;][vc_custom_heading text=&#8221;Lifemobil Evde Hem\u015firelik Hizmeti&#8221; use_theme_fonts=&#8221;yes&#8221; css=&#8221;&#8221;][vc_video link=&#8221;https:\/\/www.youtube.com\/watch?v=JREtTYEWy7M&#8221; css=&#8221;&#8221;][vc_column_text css=&#8221;&#8221;]Lifemobil Evde Hem\u015firelik hizmeti nedir? Detayl\u0131 bilgiye a\u015fa\u011f\u0131daki linkten ula\u015fabilirsiniz.[\/vc_column_text][\/vc_column][\/vc_row][vc_row css=&#8221;.vc_custom_1739358315686{margin-top: 90px !important;}&#8221;][vc_column width=&#8221;1\/2&#8243;][vc_custom_heading text=&#8221;Lifemobil Evde Hasta Bak\u0131c\u0131 Hizmeti&#8221; use_theme_fonts=&#8221;yes&#8221; css=&#8221;&#8221;][vc_video link=&#8221;https:\/\/www.youtube.com\/watch?v=hbc-xTPEYXc&#8221; css=&#8221;&#8221;][vc_column_text css=&#8221;&#8221;]Lifemobil Evde Hasta Bak\u0131c\u0131 Hizmeti Nelere Kapsar?[\/vc_column_text][\/vc_column][vc_column width=&#8221;1\/2&#8243;][vc_custom_heading text=&#8221;Lifemobil Evde Fizik Tedavi Hizmeti&#8221; use_theme_fonts=&#8221;yes&#8221; css=&#8221;&#8221;][vc_video link=&#8221;https:\/\/www.youtube.com\/watch?v=BxBllOVh4Yw&#8221; css=&#8221;&#8221;][vc_column_text css=&#8221;&#8221;]<span class=\"yt-core-attributed-string--link-inherit-color\" dir=\"auto\">Evde Fizik Tedavi Hizmeti <\/span><span class=\"yt-core-attributed-string--link-inherit-color\" dir=\"auto\">#fiziktedaviverehabilitasyon<\/span> <span class=\"yt-core-attributed-string--link-inherit-color\" dir=\"auto\">#fiziktedavi<\/span> <span class=\"yt-core-attributed-string--link-inherit-color\" dir=\"auto\">#fizyoterapist<\/span><span class=\"yt-core-attributed-string--link-inherit-color\" dir=\"auto\"> Daha ayr\u0131nt\u0131l\u0131 bilgi i\u00e7in;<\/span>[\/vc_column_text][\/vc_column][\/vc_row][vc_row css=&#8221;.vc_custom_1739358315686{margin-top: 90px !important;}&#8221;][vc_column width=&#8221;1\/2&#8243;][vc_custom_heading text=&#8221;Fizik Tedavi Uygulamalar\u0131m\u0131z Devam Ediyor&#8221; use_theme_fonts=&#8221;yes&#8221; css=&#8221;&#8221;][vc_video link=&#8221;https:\/\/www.youtube.com\/watch?v=MtalyAc5iXU&#8221; css=&#8221;&#8221;][vc_column_text css=&#8221;&#8221;]Lifemobil Evde Sa\u011fl\u0131k ve Bak\u0131m ailesi olarak evde fizik tedavi uygulamalar\u0131m\u0131za devam ediyoruz. Bilgi i\u00e7in 444 54 66 \u00e7a\u011fr\u0131 merkezmizle ileti\u015fime ge\u00e7ebilirsiniz.[\/vc_column_text][\/vc_column][vc_column width=&#8221;1\/2&#8243;][vc_custom_heading text=&#8221;Evinizde ve Kurumumuzda Covid19 Testleri&#8221; use_theme_fonts=&#8221;yes&#8221; css=&#8221;&#8221;][vc_video link=&#8221;https:\/\/www.youtube.com\/watch?v=R4aEaPTjqFk&#8221; css=&#8221;&#8221;][vc_column_text css=&#8221;&#8221;]Kurumumuzda Koronavir\u00fcs salg\u0131n\u0131 kapsam\u0131nda hijyen ve sterilizasyon uygun olarak COVID-19 PCR (S\u00fcr\u00fcnt\u00fc Testi) IgM Antikor, IgG Antikor ve laboratuvar testleri yap\u0131lmaktad\u0131r. Randevu i\u00e7in 444 54 66 \u00e7a\u011fr\u0131 merkezimizle g\u00f6r\u00fc\u015febilirsiniz.[\/vc_column_text][\/vc_column][\/vc_row][vc_row][vc_column width=&#8221;1\/2&#8243;][vc_custom_heading text=&#8221;Evde Fizik Tedavi&#8221; use_theme_fonts=&#8221;yes&#8221; css=&#8221;&#8221;][vc_video link=&#8221;https:\/\/youtu.be\/MtalyAc5iXU&#8221; css=&#8221;&#8221;][vc_column_text css=&#8221;&#8221;]\u00d6zellikle pandemi s\u00fcresinde evlere kapan\u0131p hareketsiz kald\u0131\u011f\u0131m\u0131z bug\u00fcnlerde s\u0131rt a\u011fr\u0131s\u0131 \u015fikayeti halk aras\u0131nda art\u0131\u015f g\u00f6stermektedir. Lifemobil evde sa\u011fl\u0131k ve bak\u0131m ailesi olarak evde fizik tedavi hizmetlerimiz devam ediyor.[\/vc_column_text][\/vc_column][vc_column width=&#8221;1\/2&#8243;][vc_custom_heading text=&#8221;Evde Peg De\u011fi\u015fimi Nedir?&#8221; use_theme_fonts=&#8221;yes&#8221; css=&#8221;&#8221;][vc_video link=&#8221;https:\/\/youtu.be\/y8A3kyWItSg&#8221; css=&#8221;&#8221;][vc_column_text css=&#8221;&#8221;]Ede peg de\u011fi\u015fimi nedir? Nas\u0131l yap\u0131l\u0131r? Detayl\u0131 bilgi videomuzda.[\/vc_column_text][\/vc_column][\/vc_row][vc_row css=&#8221;.vc_custom_1739358315686{margin-top: 90px !important;}&#8221;][vc_column width=&#8221;1\/2&#8243;][vc_custom_heading text=&#8221;Lifemobil&#8217;in Hizmet Alanlar\u0131 Nelerdir?&#8221; use_theme_fonts=&#8221;yes&#8221; css=&#8221;&#8221;][vc_video link=&#8221;https:\/\/www.youtube.com\/watch?v=hbc-xTPEYXc&#8221; css=&#8221;&#8221;][vc_column_text css=&#8221;&#8221;]Lifemobil&#8217;in hangi alanlarda hizmet vermektedir? Detayl\u0131 bilgi videomuzda.[\/vc_column_text][\/vc_column][vc_column width=&#8221;1\/2&#8243;][vc_custom_heading text=&#8221;Lifemobil Nedir?&#8221; use_theme_fonts=&#8221;yes&#8221; css=&#8221;&#8221;][vc_video link=&#8221;https:\/\/www.youtube.com\/watch?v=yVftDsS6Ztc&#8221; css=&#8221;&#8221;][vc_column_text css=&#8221;&#8221;]Lifemobil nedir? Kimler i\u00e7in hizmet vermektedir? Detayl\u0131 bilgi videomuzda.[\/vc_column_text][\/vc_column][\/vc_row]<\/p>\n<\/div>","protected":false},"excerpt":{"rendered":"<p>[vc_row css=&#8221;.vc_custom_1739358315686{margin-top: 90px !important;}&#8221;][vc_column width=&#8221;1\/2&#8243;][vc_custom_heading text=&#8221;Evde EKG \u00c7ekimi Nedir? Nas\u0131l Yap\u0131l\u0131r?&#8221; use_theme_fonts=&#8221;yes&#8221; css=&#8221;&#8221;][vc_video link=&#8221;https:\/\/www.youtube.com\/watch?v=Py68bShD5vE&#8221; css=&#8221;&#8221;][vc_column_text css=&#8221;&#8221;]Evde EKG (Elektrokardiyografi), ki\u015finin kalp sa\u011fl\u0131\u011f\u0131n\u0131 de\u011ferlendirmek amac\u0131yla ev ortam\u0131nda yap\u0131lan bir EKG \u00e7ekimidir. Normalde hastanelerde veya kliniklerde ger\u00e7ekle\u015ftirilen bu test, ta\u015f\u0131nabilir EKG cihazlar\u0131yla evde yap\u0131labilir.[\/vc_column_text][\/vc_column][vc_column width=&#8221;1\/2&#8243;][vc_custom_heading text=&#8221;Evde USG \u00c7ekimi Nedir? Lifemobil Evde Sa\u011fl\u0131k ve Bak\u0131m&#8221; use_theme_fonts=&#8221;yes&#8221; css=&#8221;&#8221;][vc_video link=&#8221;https:\/\/www.youtube.com\/watch?v=knWzx8RF2U4&#8243; css=&#8221;&#8221;][vc_column_text css=&#8221;&#8221;]Evde ultrasonografi (USG) \u00e7ekimi, ultrason cihaz\u0131 ile hastan\u0131n evinde yap\u0131labilen bir t\u0131bbi g\u00f6r\u00fcnt\u00fcleme y\u00f6ntemidir. Bu hizmet sayesinde, hastalar evlerinin rahatl\u0131\u011f\u0131nda ve konforunda USG \u00e7ekimini ger\u00e7ekle\u015ftirebilirler. Genellikle yata\u011fa ba\u011f\u0131ml\u0131, hareket k\u0131s\u0131tl\u0131l\u0131\u011f\u0131 olan ya da evden \u00e7\u0131kmakta zorlanan hastalar i\u00e7in tercih edilir.[\/vc_column_text][\/vc_column][\/vc_row][vc_row css=&#8221;.vc_custom_1739358315686{margin-top: 90px !important;}&#8221;][vc_column width=&#8221;1\/2&#8243;][vc_custom_heading text=&#8221;Evde [&hellip;]<\/p>\n","protected":false},"author":1,"featured_media":0,"parent":2195,"menu_order":0,"comment_status":"closed","ping_status":"closed","template":"","meta":{"footnotes":""},"class_list":["post-2191","page","type-page","status-publish","hentry"],"yoast_head":"<!-- This site is optimized with the Yoast SEO plugin v24.1 - https:\/\/yoast.com\/wordpress\/plugins\/seo\/ -->\n<title>Physical Therapy at Home - Kad\u0131k\u00f6y Lifemobil Evde Sa\u011fl\u0131k ve Bak\u0131m<\/title>\n<meta name=\"robots\" content=\"index, follow, max-snippet:-1, max-image-preview:large, max-video-preview:-1\" \/>\n<link rel=\"canonical\" href=\"https:\/\/lifemobilevdesaglik.com\/en\/video-gallery\/physical-therapy-at-home\/\" \/>\n<meta property=\"og:locale\" content=\"en_US\" \/>\n<meta property=\"og:type\" content=\"article\" \/>\n<meta property=\"og:title\" content=\"Physical Therapy at Home - Kad\u0131k\u00f6y Lifemobil Evde Sa\u011fl\u0131k ve Bak\u0131m\" \/>\n<meta property=\"og:description\" content=\"[vc_row css=&#8221;.vc_custom_1739358315686{margin-top: 90px !important;}&#8221;][vc_column width=&#8221;1\/2&#8243;][vc_custom_heading text=&#8221;Evde EKG \u00c7ekimi Nedir? Nas\u0131l Yap\u0131l\u0131r?&#8221; use_theme_fonts=&#8221;yes&#8221; css=&#8221;&#8221;][vc_video link=&#8221;https:\/\/www.youtube.com\/watch?v=Py68bShD5vE&#8221; css=&#8221;&#8221;][vc_column_text css=&#8221;&#8221;]Evde EKG (Elektrokardiyografi), ki\u015finin kalp sa\u011fl\u0131\u011f\u0131n\u0131 de\u011ferlendirmek amac\u0131yla ev ortam\u0131nda yap\u0131lan bir EKG \u00e7ekimidir. Normalde hastanelerde veya kliniklerde ger\u00e7ekle\u015ftirilen bu test, ta\u015f\u0131nabilir EKG cihazlar\u0131yla evde yap\u0131labilir.[\/vc_column_text][\/vc_column][vc_column width=&#8221;1\/2&#8243;][vc_custom_heading text=&#8221;Evde USG \u00c7ekimi Nedir? Lifemobil Evde Sa\u011fl\u0131k ve Bak\u0131m&#8221; use_theme_fonts=&#8221;yes&#8221; css=&#8221;&#8221;][vc_video link=&#8221;https:\/\/www.youtube.com\/watch?v=knWzx8RF2U4&#8243; css=&#8221;&#8221;][vc_column_text css=&#8221;&#8221;]Evde ultrasonografi (USG) \u00e7ekimi, ultrason cihaz\u0131 ile hastan\u0131n evinde yap\u0131labilen bir t\u0131bbi g\u00f6r\u00fcnt\u00fcleme y\u00f6ntemidir. Bu hizmet sayesinde, hastalar evlerinin rahatl\u0131\u011f\u0131nda ve konforunda USG \u00e7ekimini ger\u00e7ekle\u015ftirebilirler. Genellikle yata\u011fa ba\u011f\u0131ml\u0131, hareket k\u0131s\u0131tl\u0131l\u0131\u011f\u0131 olan ya da evden \u00e7\u0131kmakta zorlanan hastalar i\u00e7in tercih edilir.[\/vc_column_text][\/vc_column][\/vc_row][vc_row css=&#8221;.vc_custom_1739358315686{margin-top: 90px !important;}&#8221;][vc_column width=&#8221;1\/2&#8243;][vc_custom_heading text=&#8221;Evde [&hellip;]\" \/>\n<meta property=\"og:url\" content=\"https:\/\/lifemobilevdesaglik.com\/en\/video-gallery\/physical-therapy-at-home\/\" \/>\n<meta property=\"og:site_name\" content=\"Kad\u0131k\u00f6y Lifemobil Evde Sa\u011fl\u0131k ve Bak\u0131m\" \/>\n<meta property=\"article:modified_time\" content=\"2025-02-27T12:23:57+00:00\" \/>\n<meta name=\"twitter:card\" content=\"summary_large_image\" \/>\n<meta name=\"twitter:label1\" content=\"Est. reading time\" \/>\n\t<meta name=\"twitter:data1\" content=\"3 minutes\" \/>\n<script type=\"application\/ld+json\" class=\"yoast-schema-graph\">{\"@context\":\"https:\/\/schema.org\",\"@graph\":[{\"@type\":\"WebPage\",\"@id\":\"https:\/\/lifemobilevdesaglik.com\/en\/video-gallery\/physical-therapy-at-home\/\",\"url\":\"https:\/\/lifemobilevdesaglik.com\/en\/video-gallery\/physical-therapy-at-home\/\",\"name\":\"Physical Therapy at Home - Kad\u0131k\u00f6y Lifemobil Evde Sa\u011fl\u0131k ve Bak\u0131m\",\"isPartOf\":{\"@id\":\"https:\/\/lifemobilevdesaglik.com\/#website\"},\"datePublished\":\"2025-02-12T11:01:48+00:00\",\"dateModified\":\"2025-02-27T12:23:57+00:00\",\"breadcrumb\":{\"@id\":\"https:\/\/lifemobilevdesaglik.com\/en\/video-gallery\/physical-therapy-at-home\/#breadcrumb\"},\"inLanguage\":\"en-US\",\"potentialAction\":[{\"@type\":\"ReadAction\",\"target\":[\"https:\/\/lifemobilevdesaglik.com\/en\/video-gallery\/physical-therapy-at-home\/\"]}]},{\"@type\":\"BreadcrumbList\",\"@id\":\"https:\/\/lifemobilevdesaglik.com\/en\/video-gallery\/physical-therapy-at-home\/#breadcrumb\",\"itemListElement\":[{\"@type\":\"ListItem\",\"position\":1,\"name\":\"Anasayfa\",\"item\":\"https:\/\/lifemobilevdesaglik.com\/en\/\"},{\"@type\":\"ListItem\",\"position\":2,\"name\":\"Video Gallery\",\"item\":\"https:\/\/lifemobilevdesaglik.com\/en\/video-gallery\/\"},{\"@type\":\"ListItem\",\"position\":3,\"name\":\"Physical Therapy at Home\"}]},{\"@type\":\"WebSite\",\"@id\":\"https:\/\/lifemobilevdesaglik.com\/#website\",\"url\":\"https:\/\/lifemobilevdesaglik.com\/\",\"name\":\"Kad\u0131k\u00f6y Lifemobil Evde Sa\u011fl\u0131k ve Bak\u0131m\",\"description\":\"\",\"potentialAction\":[{\"@type\":\"SearchAction\",\"target\":{\"@type\":\"EntryPoint\",\"urlTemplate\":\"https:\/\/lifemobilevdesaglik.com\/?s={search_term_string}\"},\"query-input\":{\"@type\":\"PropertyValueSpecification\",\"valueRequired\":true,\"valueName\":\"search_term_string\"}}],\"inLanguage\":\"en-US\"}]}<\/script>\n<!-- \/ Yoast SEO plugin. -->","yoast_head_json":{"title":"Physical Therapy at Home - Kad\u0131k\u00f6y Lifemobil Evde Sa\u011fl\u0131k ve Bak\u0131m","robots":{"index":"index","follow":"follow","max-snippet":"max-snippet:-1","max-image-preview":"max-image-preview:large","max-video-preview":"max-video-preview:-1"},"canonical":"https:\/\/lifemobilevdesaglik.com\/en\/video-gallery\/physical-therapy-at-home\/","og_locale":"en_US","og_type":"article","og_title":"Physical Therapy at Home - Kad\u0131k\u00f6y Lifemobil Evde Sa\u011fl\u0131k ve Bak\u0131m","og_description":"[vc_row css=&#8221;.vc_custom_1739358315686{margin-top: 90px !important;}&#8221;][vc_column width=&#8221;1\/2&#8243;][vc_custom_heading text=&#8221;Evde EKG \u00c7ekimi Nedir? Nas\u0131l Yap\u0131l\u0131r?&#8221; use_theme_fonts=&#8221;yes&#8221; css=&#8221;&#8221;][vc_video link=&#8221;https:\/\/www.youtube.com\/watch?v=Py68bShD5vE&#8221; css=&#8221;&#8221;][vc_column_text css=&#8221;&#8221;]Evde EKG (Elektrokardiyografi), ki\u015finin kalp sa\u011fl\u0131\u011f\u0131n\u0131 de\u011ferlendirmek amac\u0131yla ev ortam\u0131nda yap\u0131lan bir EKG \u00e7ekimidir. Normalde hastanelerde veya kliniklerde ger\u00e7ekle\u015ftirilen bu test, ta\u015f\u0131nabilir EKG cihazlar\u0131yla evde yap\u0131labilir.[\/vc_column_text][\/vc_column][vc_column width=&#8221;1\/2&#8243;][vc_custom_heading text=&#8221;Evde USG \u00c7ekimi Nedir? Lifemobil Evde Sa\u011fl\u0131k ve Bak\u0131m&#8221; use_theme_fonts=&#8221;yes&#8221; css=&#8221;&#8221;][vc_video link=&#8221;https:\/\/www.youtube.com\/watch?v=knWzx8RF2U4&#8243; css=&#8221;&#8221;][vc_column_text css=&#8221;&#8221;]Evde ultrasonografi (USG) \u00e7ekimi, ultrason cihaz\u0131 ile hastan\u0131n evinde yap\u0131labilen bir t\u0131bbi g\u00f6r\u00fcnt\u00fcleme y\u00f6ntemidir. Bu hizmet sayesinde, hastalar evlerinin rahatl\u0131\u011f\u0131nda ve konforunda USG \u00e7ekimini ger\u00e7ekle\u015ftirebilirler. Genellikle yata\u011fa ba\u011f\u0131ml\u0131, hareket k\u0131s\u0131tl\u0131l\u0131\u011f\u0131 olan ya da evden \u00e7\u0131kmakta zorlanan hastalar i\u00e7in tercih edilir.[\/vc_column_text][\/vc_column][\/vc_row][vc_row css=&#8221;.vc_custom_1739358315686{margin-top: 90px !important;}&#8221;][vc_column width=&#8221;1\/2&#8243;][vc_custom_heading text=&#8221;Evde [&hellip;]","og_url":"https:\/\/lifemobilevdesaglik.com\/en\/video-gallery\/physical-therapy-at-home\/","og_site_name":"Kad\u0131k\u00f6y Lifemobil Evde Sa\u011fl\u0131k ve Bak\u0131m","article_modified_time":"2025-02-27T12:23:57+00:00","twitter_card":"summary_large_image","twitter_misc":{"Est. reading time":"3 minutes"},"schema":{"@context":"https:\/\/schema.org","@graph":[{"@type":"WebPage","@id":"https:\/\/lifemobilevdesaglik.com\/en\/video-gallery\/physical-therapy-at-home\/","url":"https:\/\/lifemobilevdesaglik.com\/en\/video-gallery\/physical-therapy-at-home\/","name":"Physical Therapy at Home - Kad\u0131k\u00f6y Lifemobil Evde Sa\u011fl\u0131k ve Bak\u0131m","isPartOf":{"@id":"https:\/\/lifemobilevdesaglik.com\/#website"},"datePublished":"2025-02-12T11:01:48+00:00","dateModified":"2025-02-27T12:23:57+00:00","breadcrumb":{"@id":"https:\/\/lifemobilevdesaglik.com\/en\/video-gallery\/physical-therapy-at-home\/#breadcrumb"},"inLanguage":"en-US","potentialAction":[{"@type":"ReadAction","target":["https:\/\/lifemobilevdesaglik.com\/en\/video-gallery\/physical-therapy-at-home\/"]}]},{"@type":"BreadcrumbList","@id":"https:\/\/lifemobilevdesaglik.com\/en\/video-gallery\/physical-therapy-at-home\/#breadcrumb","itemListElement":[{"@type":"ListItem","position":1,"name":"Anasayfa","item":"https:\/\/lifemobilevdesaglik.com\/en\/"},{"@type":"ListItem","position":2,"name":"Video Gallery","item":"https:\/\/lifemobilevdesaglik.com\/en\/video-gallery\/"},{"@type":"ListItem","position":3,"name":"Physical Therapy at Home"}]},{"@type":"WebSite","@id":"https:\/\/lifemobilevdesaglik.com\/#website","url":"https:\/\/lifemobilevdesaglik.com\/","name":"Kad\u0131k\u00f6y Lifemobil Evde Sa\u011fl\u0131k ve Bak\u0131m","description":"","potentialAction":[{"@type":"SearchAction","target":{"@type":"EntryPoint","urlTemplate":"https:\/\/lifemobilevdesaglik.com\/?s={search_term_string}"},"query-input":{"@type":"PropertyValueSpecification","valueRequired":true,"valueName":"search_term_string"}}],"inLanguage":"en-US"}]}},"_links":{"self":[{"href":"https:\/\/lifemobilevdesaglik.com\/en\/wp-json\/wp\/v2\/pages\/2191","targetHints":{"allow":["GET"]}}],"collection":[{"href":"https:\/\/lifemobilevdesaglik.com\/en\/wp-json\/wp\/v2\/pages"}],"about":[{"href":"https:\/\/lifemobilevdesaglik.com\/en\/wp-json\/wp\/v2\/types\/page"}],"author":[{"embeddable":true,"href":"https:\/\/lifemobilevdesaglik.com\/en\/wp-json\/wp\/v2\/users\/1"}],"replies":[{"embeddable":true,"href":"https:\/\/lifemobilevdesaglik.com\/en\/wp-json\/wp\/v2\/comments?post=2191"}],"version-history":[{"count":4,"href":"https:\/\/lifemobilevdesaglik.com\/en\/wp-json\/wp\/v2\/pages\/2191\/revisions"}],"predecessor-version":[{"id":2467,"href":"https:\/\/lifemobilevdesaglik.com\/en\/wp-json\/wp\/v2\/pages\/2191\/revisions\/2467"}],"up":[{"embeddable":true,"href":"https:\/\/lifemobilevdesaglik.com\/en\/wp-json\/wp\/v2\/pages\/2195"}],"wp:attachment":[{"href":"https:\/\/lifemobilevdesaglik.com\/en\/wp-json\/wp\/v2\/media?parent=2191"}],"curies":[{"name":"wp","href":"https:\/\/api.w.org\/{rel}","templated":true}]}}