{"id":2195,"date":"2025-02-12T13:59:34","date_gmt":"2025-02-12T10:59:34","guid":{"rendered":"https:\/\/lifemobilevdesaglik.com\/video-galeri\/"},"modified":"2025-02-27T15:24:36","modified_gmt":"2025-02-27T12:24:36","slug":"video-gallery","status":"publish","type":"page","link":"https:\/\/lifemobilevdesaglik.com\/en\/video-gallery\/","title":{"rendered":"Video Gallery"},"content":{"rendered":"<div class=\"wpb-content-wrapper\"><p>[vc_row css=&#8221;.vc_custom_1739357972221{margin-bottom: 80px !important;}&#8221;][vc_column width=&#8221;1\/4&#8243;]\r\n    <a href=\"https:\/\/lifemobilevdesaglik.com\/en\/video-gallery\/evde-fizik-tedavi\/\" class=\"hizmetbox\">\r\n          <img decoding=\"async\" class=\"img-fluid hizmethero\" src=\"https:\/\/lifemobilevdesaglik.com\/wp-content\/uploads\/2025\/02\/845901_388eac58f1e646a582a611004512584dmv2-500x311.jpg\" alt=\"\">\r\n          <div class=\"hizmetover\">\r\n            <h4>Home Healthcare Services<\/h4>\r\n            <img decoding=\"async\" src=\"https:\/\/lifemobilevdesaglik.com\/wp-content\/themes\/tisistem\/assets\/images\/hizmetarrow.svg\" alt=\"\">\r\n          <\/div>\r\n        <\/a>\r\n\r\n     \r\n    [\/vc_column][vc_column width=&#8221;1\/4&#8243;]\r\n    <a href=\"https:\/\/lifemobilevdesaglik.com\/en\/video-gallery\/covid-19\/\" class=\"hizmetbox\">\r\n          <img decoding=\"async\" class=\"img-fluid hizmethero\" src=\"https:\/\/lifemobilevdesaglik.com\/wp-content\/uploads\/2025\/02\/310-500x311.jpg\" alt=\"\">\r\n          <div class=\"hizmetover\">\r\n            <h4>Covid-19<\/h4>\r\n            <img decoding=\"async\" src=\"https:\/\/lifemobilevdesaglik.com\/wp-content\/themes\/tisistem\/assets\/images\/hizmetarrow.svg\" alt=\"\">\r\n          <\/div>\r\n        <\/a>\r\n\r\n     \r\n    [\/vc_column][vc_column width=&#8221;1\/4&#8243;][\/vc_column][vc_column width=&#8221;1\/4&#8243;][\/vc_column][\/vc_row]<\/p>\n<\/div>","protected":false},"excerpt":{"rendered":"<p>[vc_row css=&#8221;.vc_custom_1739357972221{margin-bottom: 80px !important;}&#8221;][vc_column width=&#8221;1\/4&#8243;][\/vc_column][vc_column width=&#8221;1\/4&#8243;][\/vc_column][vc_column width=&#8221;1\/4&#8243;][\/vc_column][vc_column width=&#8221;1\/4&#8243;][\/vc_column][\/vc_row]<\/p>\n","protected":false},"author":1,"featured_media":0,"parent":0,"menu_order":0,"comment_status":"closed","ping_status":"closed","template":"","meta":{"footnotes":""},"class_list":["post-2195","page","type-page","status-publish","hentry"],"yoast_head":"<!-- This site is optimized with the Yoast SEO plugin v24.1 - https:\/\/yoast.com\/wordpress\/plugins\/seo\/ -->\n<title>Video Gallery - Kad\u0131k\u00f6y Lifemobil Evde Sa\u011fl\u0131k ve Bak\u0131m<\/title>\n<meta name=\"robots\" content=\"index, follow, max-snippet:-1, max-image-preview:large, max-video-preview:-1\" \/>\n<link rel=\"canonical\" href=\"https:\/\/lifemobilevdesaglik.com\/en\/video-gallery\/\" \/>\n<meta property=\"og:locale\" content=\"en_US\" \/>\n<meta property=\"og:type\" content=\"article\" \/>\n<meta property=\"og:title\" content=\"Video Gallery - Kad\u0131k\u00f6y Lifemobil Evde Sa\u011fl\u0131k ve Bak\u0131m\" \/>\n<meta property=\"og:description\" content=\"[vc_row css=&#8221;.vc_custom_1739357972221{margin-bottom: 80px !important;}&#8221;][vc_column width=&#8221;1\/4&#8243;][\/vc_column][vc_column width=&#8221;1\/4&#8243;][\/vc_column][vc_column width=&#8221;1\/4&#8243;][\/vc_column][vc_column width=&#8221;1\/4&#8243;][\/vc_column][\/vc_row]\" \/>\n<meta property=\"og:url\" content=\"https:\/\/lifemobilevdesaglik.com\/en\/video-gallery\/\" \/>\n<meta property=\"og:site_name\" content=\"Kad\u0131k\u00f6y Lifemobil Evde Sa\u011fl\u0131k ve Bak\u0131m\" \/>\n<meta property=\"article:modified_time\" content=\"2025-02-27T12:24:36+00:00\" \/>\n<meta name=\"twitter:card\" content=\"summary_large_image\" \/>\n<meta name=\"twitter:label1\" content=\"Est. reading time\" \/>\n\t<meta name=\"twitter:data1\" content=\"1 minute\" \/>\n<script type=\"application\/ld+json\" class=\"yoast-schema-graph\">{\"@context\":\"https:\/\/schema.org\",\"@graph\":[{\"@type\":\"WebPage\",\"@id\":\"https:\/\/lifemobilevdesaglik.com\/en\/video-gallery\/\",\"url\":\"https:\/\/lifemobilevdesaglik.com\/en\/video-gallery\/\",\"name\":\"Video Gallery - Kad\u0131k\u00f6y Lifemobil Evde Sa\u011fl\u0131k ve Bak\u0131m\",\"isPartOf\":{\"@id\":\"https:\/\/lifemobilevdesaglik.com\/#website\"},\"datePublished\":\"2025-02-12T10:59:34+00:00\",\"dateModified\":\"2025-02-27T12:24:36+00:00\",\"breadcrumb\":{\"@id\":\"https:\/\/lifemobilevdesaglik.com\/en\/video-gallery\/#breadcrumb\"},\"inLanguage\":\"en-US\",\"potentialAction\":[{\"@type\":\"ReadAction\",\"target\":[\"https:\/\/lifemobilevdesaglik.com\/en\/video-gallery\/\"]}]},{\"@type\":\"BreadcrumbList\",\"@id\":\"https:\/\/lifemobilevdesaglik.com\/en\/video-gallery\/#breadcrumb\",\"itemListElement\":[{\"@type\":\"ListItem\",\"position\":1,\"name\":\"Anasayfa\",\"item\":\"https:\/\/lifemobilevdesaglik.com\/en\/\"},{\"@type\":\"ListItem\",\"position\":2,\"name\":\"Video Gallery\"}]},{\"@type\":\"WebSite\",\"@id\":\"https:\/\/lifemobilevdesaglik.com\/#website\",\"url\":\"https:\/\/lifemobilevdesaglik.com\/\",\"name\":\"Kad\u0131k\u00f6y Lifemobil Evde Sa\u011fl\u0131k ve Bak\u0131m\",\"description\":\"\",\"potentialAction\":[{\"@type\":\"SearchAction\",\"target\":{\"@type\":\"EntryPoint\",\"urlTemplate\":\"https:\/\/lifemobilevdesaglik.com\/?s={search_term_string}\"},\"query-input\":{\"@type\":\"PropertyValueSpecification\",\"valueRequired\":true,\"valueName\":\"search_term_string\"}}],\"inLanguage\":\"en-US\"}]}<\/script>\n<!-- \/ Yoast SEO plugin. -->","yoast_head_json":{"title":"Video Gallery - Kad\u0131k\u00f6y Lifemobil Evde Sa\u011fl\u0131k ve Bak\u0131m","robots":{"index":"index","follow":"follow","max-snippet":"max-snippet:-1","max-image-preview":"max-image-preview:large","max-video-preview":"max-video-preview:-1"},"canonical":"https:\/\/lifemobilevdesaglik.com\/en\/video-gallery\/","og_locale":"en_US","og_type":"article","og_title":"Video Gallery - Kad\u0131k\u00f6y Lifemobil Evde Sa\u011fl\u0131k ve Bak\u0131m","og_description":"[vc_row css=&#8221;.vc_custom_1739357972221{margin-bottom: 80px !important;}&#8221;][vc_column width=&#8221;1\/4&#8243;][\/vc_column][vc_column width=&#8221;1\/4&#8243;][\/vc_column][vc_column width=&#8221;1\/4&#8243;][\/vc_column][vc_column width=&#8221;1\/4&#8243;][\/vc_column][\/vc_row]","og_url":"https:\/\/lifemobilevdesaglik.com\/en\/video-gallery\/","og_site_name":"Kad\u0131k\u00f6y Lifemobil Evde Sa\u011fl\u0131k ve Bak\u0131m","article_modified_time":"2025-02-27T12:24:36+00:00","twitter_card":"summary_large_image","twitter_misc":{"Est. reading time":"1 minute"},"schema":{"@context":"https:\/\/schema.org","@graph":[{"@type":"WebPage","@id":"https:\/\/lifemobilevdesaglik.com\/en\/video-gallery\/","url":"https:\/\/lifemobilevdesaglik.com\/en\/video-gallery\/","name":"Video Gallery - Kad\u0131k\u00f6y Lifemobil Evde Sa\u011fl\u0131k ve Bak\u0131m","isPartOf":{"@id":"https:\/\/lifemobilevdesaglik.com\/#website"},"datePublished":"2025-02-12T10:59:34+00:00","dateModified":"2025-02-27T12:24:36+00:00","breadcrumb":{"@id":"https:\/\/lifemobilevdesaglik.com\/en\/video-gallery\/#breadcrumb"},"inLanguage":"en-US","potentialAction":[{"@type":"ReadAction","target":["https:\/\/lifemobilevdesaglik.com\/en\/video-gallery\/"]}]},{"@type":"BreadcrumbList","@id":"https:\/\/lifemobilevdesaglik.com\/en\/video-gallery\/#breadcrumb","itemListElement":[{"@type":"ListItem","position":1,"name":"Anasayfa","item":"https:\/\/lifemobilevdesaglik.com\/en\/"},{"@type":"ListItem","position":2,"name":"Video Gallery"}]},{"@type":"WebSite","@id":"https:\/\/lifemobilevdesaglik.com\/#website","url":"https:\/\/lifemobilevdesaglik.com\/","name":"Kad\u0131k\u00f6y Lifemobil Evde Sa\u011fl\u0131k ve Bak\u0131m","description":"","potentialAction":[{"@type":"SearchAction","target":{"@type":"EntryPoint","urlTemplate":"https:\/\/lifemobilevdesaglik.com\/?s={search_term_string}"},"query-input":{"@type":"PropertyValueSpecification","valueRequired":true,"valueName":"search_term_string"}}],"inLanguage":"en-US"}]}},"_links":{"self":[{"href":"https:\/\/lifemobilevdesaglik.com\/en\/wp-json\/wp\/v2\/pages\/2195","targetHints":{"allow":["GET"]}}],"collection":[{"href":"https:\/\/lifemobilevdesaglik.com\/en\/wp-json\/wp\/v2\/pages"}],"about":[{"href":"https:\/\/lifemobilevdesaglik.com\/en\/wp-json\/wp\/v2\/types\/page"}],"author":[{"embeddable":true,"href":"https:\/\/lifemobilevdesaglik.com\/en\/wp-json\/wp\/v2\/users\/1"}],"replies":[{"embeddable":true,"href":"https:\/\/lifemobilevdesaglik.com\/en\/wp-json\/wp\/v2\/comments?post=2195"}],"version-history":[{"count":4,"href":"https:\/\/lifemobilevdesaglik.com\/en\/wp-json\/wp\/v2\/pages\/2195\/revisions"}],"predecessor-version":[{"id":2468,"href":"https:\/\/lifemobilevdesaglik.com\/en\/wp-json\/wp\/v2\/pages\/2195\/revisions\/2468"}],"wp:attachment":[{"href":"https:\/\/lifemobilevdesaglik.com\/en\/wp-json\/wp\/v2\/media?parent=2195"}],"curies":[{"name":"wp","href":"https:\/\/api.w.org\/{rel}","templated":true}]}}