{"id":2198,"date":"2025-02-12T13:40:04","date_gmt":"2025-02-12T10:40:04","guid":{"rendered":"https:\/\/lifemobilevdesaglik.com\/evde-yara-bakim\/"},"modified":"2025-02-12T13:40:04","modified_gmt":"2025-02-12T10:40:04","slug":"evde-yara-bakim","status":"publish","type":"page","link":"https:\/\/lifemobilevdesaglik.com\/en\/photo-gallery\/evde-yara-bakim\/","title":{"rendered":"Evde Yara Bak\u0131m"},"content":{"rendered":"\n<figure class=\"wp-block-gallery has-nested-images columns-4 is-cropped wp-block-gallery-1 is-layout-flex wp-block-gallery-is-layout-flex\">\n<figure data-wp-context=\"{&quot;imageId&quot;:&quot;69d1967c105b0&quot;}\" data-wp-interactive=\"core\/image\" data-wp-key=\"69d1967c105b0\" class=\"wp-block-image size-large wp-lightbox-container\"><img loading=\"lazy\" decoding=\"async\" width=\"1024\" height=\"768\" data-wp-class--hide=\"state.isContentHidden\" data-wp-class--show=\"state.isContentVisible\" data-wp-init=\"callbacks.setButtonStyles\" data-wp-on--click=\"actions.showLightbox\" data-wp-on--load=\"callbacks.setButtonStyles\" data-wp-on-window--resize=\"callbacks.setButtonStyles\" data-id=\"1867\" src=\"https:\/\/lifemobilevdesaglik.com\/wp-content\/uploads\/2025\/02\/272-1024x768.jpg\" alt=\"\" class=\"wp-image-1867\" srcset=\"https:\/\/lifemobilevdesaglik.com\/wp-content\/uploads\/2025\/02\/272-1024x768.jpg 1024w, https:\/\/lifemobilevdesaglik.com\/wp-content\/uploads\/2025\/02\/272-300x225.jpg 300w, https:\/\/lifemobilevdesaglik.com\/wp-content\/uploads\/2025\/02\/272-768x576.jpg 768w, https:\/\/lifemobilevdesaglik.com\/wp-content\/uploads\/2025\/02\/272.jpg 1365w\" sizes=\"auto, (max-width: 1024px) 100vw, 1024px\" \/><button\n\t\t\tclass=\"lightbox-trigger\"\n\t\t\ttype=\"button\"\n\t\t\taria-haspopup=\"dialog\"\n\t\t\taria-label=\"Enlarge\"\n\t\t\tdata-wp-init=\"callbacks.initTriggerButton\"\n\t\t\tdata-wp-on--click=\"actions.showLightbox\"\n\t\t\tdata-wp-style--right=\"state.imageButtonRight\"\n\t\t\tdata-wp-style--top=\"state.imageButtonTop\"\n\t\t>\n\t\t\t<svg xmlns=\"http:\/\/www.w3.org\/2000\/svg\" width=\"12\" height=\"12\" fill=\"none\" viewBox=\"0 0 12 12\">\n\t\t\t\t<path fill=\"#fff\" d=\"M2 0a2 2 0 0 0-2 2v2h1.5V2a.5.5 0 0 1 .5-.5h2V0H2Zm2 10.5H2a.5.5 0 0 1-.5-.5V8H0v2a2 2 0 0 0 2 2h2v-1.5ZM8 12v-1.5h2a.5.5 0 0 0 .5-.5V8H12v2a2 2 0 0 1-2 2H8Zm2-12a2 2 0 0 1 2 2v2h-1.5V2a.5.5 0 0 0-.5-.5H8V0h2Z\" \/>\n\t\t\t<\/svg>\n\t\t<\/button><\/figure>\n\n\n\n<figure data-wp-context=\"{&quot;imageId&quot;:&quot;69d1967c10a97&quot;}\" data-wp-interactive=\"core\/image\" data-wp-key=\"69d1967c10a97\" class=\"wp-block-image size-large wp-lightbox-container\"><img loading=\"lazy\" decoding=\"async\" width=\"1024\" height=\"768\" data-wp-class--hide=\"state.isContentHidden\" data-wp-class--show=\"state.isContentVisible\" data-wp-init=\"callbacks.setButtonStyles\" data-wp-on--click=\"actions.showLightbox\" data-wp-on--load=\"callbacks.setButtonStyles\" data-wp-on-window--resize=\"callbacks.setButtonStyles\" data-id=\"1865\" src=\"https:\/\/lifemobilevdesaglik.com\/wp-content\/uploads\/2025\/02\/271-1024x768.jpg\" alt=\"\" class=\"wp-image-1865\" srcset=\"https:\/\/lifemobilevdesaglik.com\/wp-content\/uploads\/2025\/02\/271-1024x768.jpg 1024w, https:\/\/lifemobilevdesaglik.com\/wp-content\/uploads\/2025\/02\/271-300x225.jpg 300w, https:\/\/lifemobilevdesaglik.com\/wp-content\/uploads\/2025\/02\/271-768x576.jpg 768w, https:\/\/lifemobilevdesaglik.com\/wp-content\/uploads\/2025\/02\/271.jpg 1365w\" sizes=\"auto, (max-width: 1024px) 100vw, 1024px\" \/><button\n\t\t\tclass=\"lightbox-trigger\"\n\t\t\ttype=\"button\"\n\t\t\taria-haspopup=\"dialog\"\n\t\t\taria-label=\"Enlarge\"\n\t\t\tdata-wp-init=\"callbacks.initTriggerButton\"\n\t\t\tdata-wp-on--click=\"actions.showLightbox\"\n\t\t\tdata-wp-style--right=\"state.imageButtonRight\"\n\t\t\tdata-wp-style--top=\"state.imageButtonTop\"\n\t\t>\n\t\t\t<svg xmlns=\"http:\/\/www.w3.org\/2000\/svg\" width=\"12\" height=\"12\" fill=\"none\" viewBox=\"0 0 12 12\">\n\t\t\t\t<path fill=\"#fff\" d=\"M2 0a2 2 0 0 0-2 2v2h1.5V2a.5.5 0 0 1 .5-.5h2V0H2Zm2 10.5H2a.5.5 0 0 1-.5-.5V8H0v2a2 2 0 0 0 2 2h2v-1.5ZM8 12v-1.5h2a.5.5 0 0 0 .5-.5V8H12v2a2 2 0 0 1-2 2H8Zm2-12a2 2 0 0 1 2 2v2h-1.5V2a.5.5 0 0 0-.5-.5H8V0h2Z\" \/>\n\t\t\t<\/svg>\n\t\t<\/button><\/figure>\n\n\n\n<figure data-wp-context=\"{&quot;imageId&quot;:&quot;69d1967c10f00&quot;}\" data-wp-interactive=\"core\/image\" data-wp-key=\"69d1967c10f00\" class=\"wp-block-image size-large wp-lightbox-container\"><img loading=\"lazy\" decoding=\"async\" width=\"1024\" height=\"576\" data-wp-class--hide=\"state.isContentHidden\" data-wp-class--show=\"state.isContentVisible\" data-wp-init=\"callbacks.setButtonStyles\" data-wp-on--click=\"actions.showLightbox\" data-wp-on--load=\"callbacks.setButtonStyles\" data-wp-on-window--resize=\"callbacks.setButtonStyles\" data-id=\"1863\" src=\"https:\/\/lifemobilevdesaglik.com\/wp-content\/uploads\/2025\/02\/270-1024x576.jpg\" alt=\"\" class=\"wp-image-1863\" srcset=\"https:\/\/lifemobilevdesaglik.com\/wp-content\/uploads\/2025\/02\/270-1024x576.jpg 1024w, https:\/\/lifemobilevdesaglik.com\/wp-content\/uploads\/2025\/02\/270-300x169.jpg 300w, https:\/\/lifemobilevdesaglik.com\/wp-content\/uploads\/2025\/02\/270-768x432.jpg 768w, https:\/\/lifemobilevdesaglik.com\/wp-content\/uploads\/2025\/02\/270-1536x864.jpg 1536w, https:\/\/lifemobilevdesaglik.com\/wp-content\/uploads\/2025\/02\/270.jpg 1600w\" sizes=\"auto, (max-width: 1024px) 100vw, 1024px\" \/><button\n\t\t\tclass=\"lightbox-trigger\"\n\t\t\ttype=\"button\"\n\t\t\taria-haspopup=\"dialog\"\n\t\t\taria-label=\"Enlarge\"\n\t\t\tdata-wp-init=\"callbacks.initTriggerButton\"\n\t\t\tdata-wp-on--click=\"actions.showLightbox\"\n\t\t\tdata-wp-style--right=\"state.imageButtonRight\"\n\t\t\tdata-wp-style--top=\"state.imageButtonTop\"\n\t\t>\n\t\t\t<svg xmlns=\"http:\/\/www.w3.org\/2000\/svg\" width=\"12\" height=\"12\" fill=\"none\" viewBox=\"0 0 12 12\">\n\t\t\t\t<path fill=\"#fff\" d=\"M2 0a2 2 0 0 0-2 2v2h1.5V2a.5.5 0 0 1 .5-.5h2V0H2Zm2 10.5H2a.5.5 0 0 1-.5-.5V8H0v2a2 2 0 0 0 2 2h2v-1.5ZM8 12v-1.5h2a.5.5 0 0 0 .5-.5V8H12v2a2 2 0 0 1-2 2H8Zm2-12a2 2 0 0 1 2 2v2h-1.5V2a.5.5 0 0 0-.5-.5H8V0h2Z\" \/>\n\t\t\t<\/svg>\n\t\t<\/button><\/figure>\n\n\n\n<figure data-wp-context=\"{&quot;imageId&quot;:&quot;69d1967c11391&quot;}\" data-wp-interactive=\"core\/image\" data-wp-key=\"69d1967c11391\" class=\"wp-block-image size-large wp-lightbox-container\"><img loading=\"lazy\" decoding=\"async\" width=\"1024\" height=\"576\" data-wp-class--hide=\"state.isContentHidden\" data-wp-class--show=\"state.isContentVisible\" data-wp-init=\"callbacks.setButtonStyles\" data-wp-on--click=\"actions.showLightbox\" data-wp-on--load=\"callbacks.setButtonStyles\" data-wp-on-window--resize=\"callbacks.setButtonStyles\" data-id=\"1861\" src=\"https:\/\/lifemobilevdesaglik.com\/wp-content\/uploads\/2025\/02\/269-1024x576.jpg\" alt=\"\" class=\"wp-image-1861\" srcset=\"https:\/\/lifemobilevdesaglik.com\/wp-content\/uploads\/2025\/02\/269-1024x576.jpg 1024w, https:\/\/lifemobilevdesaglik.com\/wp-content\/uploads\/2025\/02\/269-300x169.jpg 300w, https:\/\/lifemobilevdesaglik.com\/wp-content\/uploads\/2025\/02\/269-768x432.jpg 768w, https:\/\/lifemobilevdesaglik.com\/wp-content\/uploads\/2025\/02\/269-1536x864.jpg 1536w, https:\/\/lifemobilevdesaglik.com\/wp-content\/uploads\/2025\/02\/269.jpg 1600w\" sizes=\"auto, (max-width: 1024px) 100vw, 1024px\" \/><button\n\t\t\tclass=\"lightbox-trigger\"\n\t\t\ttype=\"button\"\n\t\t\taria-haspopup=\"dialog\"\n\t\t\taria-label=\"Enlarge\"\n\t\t\tdata-wp-init=\"callbacks.initTriggerButton\"\n\t\t\tdata-wp-on--click=\"actions.showLightbox\"\n\t\t\tdata-wp-style--right=\"state.imageButtonRight\"\n\t\t\tdata-wp-style--top=\"state.imageButtonTop\"\n\t\t>\n\t\t\t<svg xmlns=\"http:\/\/www.w3.org\/2000\/svg\" width=\"12\" height=\"12\" fill=\"none\" viewBox=\"0 0 12 12\">\n\t\t\t\t<path fill=\"#fff\" d=\"M2 0a2 2 0 0 0-2 2v2h1.5V2a.5.5 0 0 1 .5-.5h2V0H2Zm2 10.5H2a.5.5 0 0 1-.5-.5V8H0v2a2 2 0 0 0 2 2h2v-1.5ZM8 12v-1.5h2a.5.5 0 0 0 .5-.5V8H12v2a2 2 0 0 1-2 2H8Zm2-12a2 2 0 0 1 2 2v2h-1.5V2a.5.5 0 0 0-.5-.5H8V0h2Z\" \/>\n\t\t\t<\/svg>\n\t\t<\/button><\/figure>\n\n\n\n<figure data-wp-context=\"{&quot;imageId&quot;:&quot;69d1967c1177f&quot;}\" data-wp-interactive=\"core\/image\" data-wp-key=\"69d1967c1177f\" class=\"wp-block-image size-large wp-lightbox-container\"><img loading=\"lazy\" decoding=\"async\" width=\"1024\" height=\"576\" data-wp-class--hide=\"state.isContentHidden\" data-wp-class--show=\"state.isContentVisible\" data-wp-init=\"callbacks.setButtonStyles\" data-wp-on--click=\"actions.showLightbox\" data-wp-on--load=\"callbacks.setButtonStyles\" data-wp-on-window--resize=\"callbacks.setButtonStyles\" data-id=\"1858\" src=\"https:\/\/lifemobilevdesaglik.com\/wp-content\/uploads\/2025\/02\/268-1024x576.jpg\" alt=\"\" class=\"wp-image-1858\" srcset=\"https:\/\/lifemobilevdesaglik.com\/wp-content\/uploads\/2025\/02\/268-1024x576.jpg 1024w, https:\/\/lifemobilevdesaglik.com\/wp-content\/uploads\/2025\/02\/268-300x169.jpg 300w, https:\/\/lifemobilevdesaglik.com\/wp-content\/uploads\/2025\/02\/268-768x432.jpg 768w, https:\/\/lifemobilevdesaglik.com\/wp-content\/uploads\/2025\/02\/268-1536x864.jpg 1536w, https:\/\/lifemobilevdesaglik.com\/wp-content\/uploads\/2025\/02\/268.jpg 1600w\" sizes=\"auto, (max-width: 1024px) 100vw, 1024px\" \/><button\n\t\t\tclass=\"lightbox-trigger\"\n\t\t\ttype=\"button\"\n\t\t\taria-haspopup=\"dialog\"\n\t\t\taria-label=\"Enlarge\"\n\t\t\tdata-wp-init=\"callbacks.initTriggerButton\"\n\t\t\tdata-wp-on--click=\"actions.showLightbox\"\n\t\t\tdata-wp-style--right=\"state.imageButtonRight\"\n\t\t\tdata-wp-style--top=\"state.imageButtonTop\"\n\t\t>\n\t\t\t<svg xmlns=\"http:\/\/www.w3.org\/2000\/svg\" width=\"12\" height=\"12\" fill=\"none\" viewBox=\"0 0 12 12\">\n\t\t\t\t<path fill=\"#fff\" d=\"M2 0a2 2 0 0 0-2 2v2h1.5V2a.5.5 0 0 1 .5-.5h2V0H2Zm2 10.5H2a.5.5 0 0 1-.5-.5V8H0v2a2 2 0 0 0 2 2h2v-1.5ZM8 12v-1.5h2a.5.5 0 0 0 .5-.5V8H12v2a2 2 0 0 1-2 2H8Zm2-12a2 2 0 0 1 2 2v2h-1.5V2a.5.5 0 0 0-.5-.5H8V0h2Z\" \/>\n\t\t\t<\/svg>\n\t\t<\/button><\/figure>\n\n\n\n<figure data-wp-context=\"{&quot;imageId&quot;:&quot;69d1967c11b5e&quot;}\" data-wp-interactive=\"core\/image\" data-wp-key=\"69d1967c11b5e\" class=\"wp-block-image size-large wp-lightbox-container\"><img loading=\"lazy\" decoding=\"async\" width=\"1024\" height=\"768\" data-wp-class--hide=\"state.isContentHidden\" data-wp-class--show=\"state.isContentVisible\" data-wp-init=\"callbacks.setButtonStyles\" data-wp-on--click=\"actions.showLightbox\" data-wp-on--load=\"callbacks.setButtonStyles\" data-wp-on-window--resize=\"callbacks.setButtonStyles\" data-id=\"1855\" src=\"https:\/\/lifemobilevdesaglik.com\/wp-content\/uploads\/2025\/02\/265-1024x768.jpg\" alt=\"\" class=\"wp-image-1855\" srcset=\"https:\/\/lifemobilevdesaglik.com\/wp-content\/uploads\/2025\/02\/265-1024x768.jpg 1024w, https:\/\/lifemobilevdesaglik.com\/wp-content\/uploads\/2025\/02\/265-300x225.jpg 300w, https:\/\/lifemobilevdesaglik.com\/wp-content\/uploads\/2025\/02\/265-768x576.jpg 768w, https:\/\/lifemobilevdesaglik.com\/wp-content\/uploads\/2025\/02\/265.jpg 1365w\" sizes=\"auto, (max-width: 1024px) 100vw, 1024px\" \/><button\n\t\t\tclass=\"lightbox-trigger\"\n\t\t\ttype=\"button\"\n\t\t\taria-haspopup=\"dialog\"\n\t\t\taria-label=\"Enlarge\"\n\t\t\tdata-wp-init=\"callbacks.initTriggerButton\"\n\t\t\tdata-wp-on--click=\"actions.showLightbox\"\n\t\t\tdata-wp-style--right=\"state.imageButtonRight\"\n\t\t\tdata-wp-style--top=\"state.imageButtonTop\"\n\t\t>\n\t\t\t<svg xmlns=\"http:\/\/www.w3.org\/2000\/svg\" width=\"12\" height=\"12\" fill=\"none\" viewBox=\"0 0 12 12\">\n\t\t\t\t<path fill=\"#fff\" d=\"M2 0a2 2 0 0 0-2 2v2h1.5V2a.5.5 0 0 1 .5-.5h2V0H2Zm2 10.5H2a.5.5 0 0 1-.5-.5V8H0v2a2 2 0 0 0 2 2h2v-1.5ZM8 12v-1.5h2a.5.5 0 0 0 .5-.5V8H12v2a2 2 0 0 1-2 2H8Zm2-12a2 2 0 0 1 2 2v2h-1.5V2a.5.5 0 0 0-.5-.5H8V0h2Z\" \/>\n\t\t\t<\/svg>\n\t\t<\/button><\/figure>\n\n\n\n<figure data-wp-context=\"{&quot;imageId&quot;:&quot;69d1967c11f41&quot;}\" data-wp-interactive=\"core\/image\" data-wp-key=\"69d1967c11f41\" class=\"wp-block-image size-large wp-lightbox-container\"><img loading=\"lazy\" decoding=\"async\" width=\"1024\" height=\"1024\" data-wp-class--hide=\"state.isContentHidden\" data-wp-class--show=\"state.isContentVisible\" data-wp-init=\"callbacks.setButtonStyles\" data-wp-on--click=\"actions.showLightbox\" data-wp-on--load=\"callbacks.setButtonStyles\" data-wp-on-window--resize=\"callbacks.setButtonStyles\" data-id=\"1870\" src=\"https:\/\/lifemobilevdesaglik.com\/wp-content\/uploads\/2025\/02\/274.jpg\" alt=\"\" class=\"wp-image-1870\" srcset=\"https:\/\/lifemobilevdesaglik.com\/wp-content\/uploads\/2025\/02\/274.jpg 1024w, https:\/\/lifemobilevdesaglik.com\/wp-content\/uploads\/2025\/02\/274-300x300.jpg 300w, https:\/\/lifemobilevdesaglik.com\/wp-content\/uploads\/2025\/02\/274-150x150.jpg 150w, https:\/\/lifemobilevdesaglik.com\/wp-content\/uploads\/2025\/02\/274-768x768.jpg 768w, https:\/\/lifemobilevdesaglik.com\/wp-content\/uploads\/2025\/02\/274-500x500.jpg 500w\" sizes=\"auto, (max-width: 1024px) 100vw, 1024px\" \/><button\n\t\t\tclass=\"lightbox-trigger\"\n\t\t\ttype=\"button\"\n\t\t\taria-haspopup=\"dialog\"\n\t\t\taria-label=\"Enlarge\"\n\t\t\tdata-wp-init=\"callbacks.initTriggerButton\"\n\t\t\tdata-wp-on--click=\"actions.showLightbox\"\n\t\t\tdata-wp-style--right=\"state.imageButtonRight\"\n\t\t\tdata-wp-style--top=\"state.imageButtonTop\"\n\t\t>\n\t\t\t<svg xmlns=\"http:\/\/www.w3.org\/2000\/svg\" width=\"12\" height=\"12\" fill=\"none\" viewBox=\"0 0 12 12\">\n\t\t\t\t<path fill=\"#fff\" d=\"M2 0a2 2 0 0 0-2 2v2h1.5V2a.5.5 0 0 1 .5-.5h2V0H2Zm2 10.5H2a.5.5 0 0 1-.5-.5V8H0v2a2 2 0 0 0 2 2h2v-1.5ZM8 12v-1.5h2a.5.5 0 0 0 .5-.5V8H12v2a2 2 0 0 1-2 2H8Zm2-12a2 2 0 0 1 2 2v2h-1.5V2a.5.5 0 0 0-.5-.5H8V0h2Z\" \/>\n\t\t\t<\/svg>\n\t\t<\/button><\/figure>\n\n\n\n<figure data-wp-context=\"{&quot;imageId&quot;:&quot;69d1967c122ea&quot;}\" data-wp-interactive=\"core\/image\" data-wp-key=\"69d1967c122ea\" class=\"wp-block-image size-large wp-lightbox-container\"><img loading=\"lazy\" decoding=\"async\" width=\"1024\" height=\"1024\" data-wp-class--hide=\"state.isContentHidden\" data-wp-class--show=\"state.isContentVisible\" data-wp-init=\"callbacks.setButtonStyles\" data-wp-on--click=\"actions.showLightbox\" data-wp-on--load=\"callbacks.setButtonStyles\" data-wp-on-window--resize=\"callbacks.setButtonStyles\" data-id=\"1873\" src=\"https:\/\/lifemobilevdesaglik.com\/wp-content\/uploads\/2025\/02\/273-1.jpg\" alt=\"\" class=\"wp-image-1873\" srcset=\"https:\/\/lifemobilevdesaglik.com\/wp-content\/uploads\/2025\/02\/273-1.jpg 1024w, https:\/\/lifemobilevdesaglik.com\/wp-content\/uploads\/2025\/02\/273-1-300x300.jpg 300w, https:\/\/lifemobilevdesaglik.com\/wp-content\/uploads\/2025\/02\/273-1-150x150.jpg 150w, https:\/\/lifemobilevdesaglik.com\/wp-content\/uploads\/2025\/02\/273-1-768x768.jpg 768w, https:\/\/lifemobilevdesaglik.com\/wp-content\/uploads\/2025\/02\/273-1-500x500.jpg 500w\" sizes=\"auto, (max-width: 1024px) 100vw, 1024px\" \/><button\n\t\t\tclass=\"lightbox-trigger\"\n\t\t\ttype=\"button\"\n\t\t\taria-haspopup=\"dialog\"\n\t\t\taria-label=\"Enlarge\"\n\t\t\tdata-wp-init=\"callbacks.initTriggerButton\"\n\t\t\tdata-wp-on--click=\"actions.showLightbox\"\n\t\t\tdata-wp-style--right=\"state.imageButtonRight\"\n\t\t\tdata-wp-style--top=\"state.imageButtonTop\"\n\t\t>\n\t\t\t<svg xmlns=\"http:\/\/www.w3.org\/2000\/svg\" width=\"12\" height=\"12\" fill=\"none\" viewBox=\"0 0 12 12\">\n\t\t\t\t<path fill=\"#fff\" d=\"M2 0a2 2 0 0 0-2 2v2h1.5V2a.5.5 0 0 1 .5-.5h2V0H2Zm2 10.5H2a.5.5 0 0 1-.5-.5V8H0v2a2 2 0 0 0 2 2h2v-1.5ZM8 12v-1.5h2a.5.5 0 0 0 .5-.5V8H12v2a2 2 0 0 1-2 2H8Zm2-12a2 2 0 0 1 2 2v2h-1.5V2a.5.5 0 0 0-.5-.5H8V0h2Z\" \/>\n\t\t\t<\/svg>\n\t\t<\/button><\/figure>\n<\/figure>\n","protected":false},"excerpt":{"rendered":"","protected":false},"author":1,"featured_media":0,"parent":2306,"menu_order":0,"comment_status":"closed","ping_status":"closed","template":"","meta":{"footnotes":""},"class_list":["post-2198","page","type-page","status-publish","hentry"],"yoast_head":"<!-- This site is optimized with the Yoast SEO plugin v24.1 - https:\/\/yoast.com\/wordpress\/plugins\/seo\/ -->\n<title>Evde Yara Bak\u0131m - Kad\u0131k\u00f6y Lifemobil Evde Sa\u011fl\u0131k ve Bak\u0131m<\/title>\n<meta name=\"robots\" content=\"index, follow, max-snippet:-1, max-image-preview:large, max-video-preview:-1\" \/>\n<link rel=\"canonical\" href=\"https:\/\/lifemobilevdesaglik.com\/en\/evde-yara-bakim\/\" \/>\n<meta property=\"og:locale\" content=\"en_US\" \/>\n<meta property=\"og:type\" content=\"article\" \/>\n<meta property=\"og:title\" content=\"Evde Yara Bak\u0131m - Kad\u0131k\u00f6y Lifemobil Evde Sa\u011fl\u0131k ve Bak\u0131m\" \/>\n<meta property=\"og:url\" content=\"https:\/\/lifemobilevdesaglik.com\/en\/evde-yara-bakim\/\" \/>\n<meta property=\"og:site_name\" content=\"Kad\u0131k\u00f6y Lifemobil Evde Sa\u011fl\u0131k ve Bak\u0131m\" \/>\n<meta property=\"og:image\" content=\"https:\/\/lifemobilevdesaglik.com\/wp-content\/uploads\/2025\/02\/272.jpg\" \/>\n\t<meta property=\"og:image:width\" content=\"1365\" \/>\n\t<meta property=\"og:image:height\" content=\"1024\" \/>\n\t<meta property=\"og:image:type\" content=\"image\/jpeg\" \/>\n<meta name=\"twitter:card\" content=\"summary_large_image\" \/>\n<script type=\"application\/ld+json\" class=\"yoast-schema-graph\">{\"@context\":\"https:\/\/schema.org\",\"@graph\":[{\"@type\":\"WebPage\",\"@id\":\"https:\/\/lifemobilevdesaglik.com\/en\/evde-yara-bakim\/\",\"url\":\"https:\/\/lifemobilevdesaglik.com\/en\/evde-yara-bakim\/\",\"name\":\"Evde Yara Bak\u0131m - Kad\u0131k\u00f6y Lifemobil Evde Sa\u011fl\u0131k ve Bak\u0131m\",\"isPartOf\":{\"@id\":\"https:\/\/lifemobilevdesaglik.com\/#website\"},\"primaryImageOfPage\":{\"@id\":\"https:\/\/lifemobilevdesaglik.com\/en\/evde-yara-bakim\/#primaryimage\"},\"image\":{\"@id\":\"https:\/\/lifemobilevdesaglik.com\/en\/evde-yara-bakim\/#primaryimage\"},\"thumbnailUrl\":\"https:\/\/lifemobilevdesaglik.com\/wp-content\/uploads\/2025\/02\/272-1024x768.jpg\",\"datePublished\":\"2025-02-12T10:40:04+00:00\",\"dateModified\":\"2025-02-12T10:40:04+00:00\",\"breadcrumb\":{\"@id\":\"https:\/\/lifemobilevdesaglik.com\/en\/evde-yara-bakim\/#breadcrumb\"},\"inLanguage\":\"en-US\",\"potentialAction\":[{\"@type\":\"ReadAction\",\"target\":[\"https:\/\/lifemobilevdesaglik.com\/en\/evde-yara-bakim\/\"]}]},{\"@type\":\"ImageObject\",\"inLanguage\":\"en-US\",\"@id\":\"https:\/\/lifemobilevdesaglik.com\/en\/evde-yara-bakim\/#primaryimage\",\"url\":\"https:\/\/lifemobilevdesaglik.com\/wp-content\/uploads\/2025\/02\/272-1024x768.jpg\",\"contentUrl\":\"https:\/\/lifemobilevdesaglik.com\/wp-content\/uploads\/2025\/02\/272-1024x768.jpg\"},{\"@type\":\"BreadcrumbList\",\"@id\":\"https:\/\/lifemobilevdesaglik.com\/en\/evde-yara-bakim\/#breadcrumb\",\"itemListElement\":[{\"@type\":\"ListItem\",\"position\":1,\"name\":\"Anasayfa\",\"item\":\"https:\/\/lifemobilevdesaglik.com\/en\/\"},{\"@type\":\"ListItem\",\"position\":2,\"name\":\"Evde Yara Bak\u0131m\"}]},{\"@type\":\"WebSite\",\"@id\":\"https:\/\/lifemobilevdesaglik.com\/#website\",\"url\":\"https:\/\/lifemobilevdesaglik.com\/\",\"name\":\"Kad\u0131k\u00f6y Lifemobil Evde Sa\u011fl\u0131k ve Bak\u0131m\",\"description\":\"\",\"potentialAction\":[{\"@type\":\"SearchAction\",\"target\":{\"@type\":\"EntryPoint\",\"urlTemplate\":\"https:\/\/lifemobilevdesaglik.com\/?s={search_term_string}\"},\"query-input\":{\"@type\":\"PropertyValueSpecification\",\"valueRequired\":true,\"valueName\":\"search_term_string\"}}],\"inLanguage\":\"en-US\"}]}<\/script>\n<!-- \/ Yoast SEO plugin. -->","yoast_head_json":{"title":"Evde Yara Bak\u0131m - Kad\u0131k\u00f6y Lifemobil Evde Sa\u011fl\u0131k ve Bak\u0131m","robots":{"index":"index","follow":"follow","max-snippet":"max-snippet:-1","max-image-preview":"max-image-preview:large","max-video-preview":"max-video-preview:-1"},"canonical":"https:\/\/lifemobilevdesaglik.com\/en\/evde-yara-bakim\/","og_locale":"en_US","og_type":"article","og_title":"Evde Yara Bak\u0131m - Kad\u0131k\u00f6y Lifemobil Evde Sa\u011fl\u0131k ve Bak\u0131m","og_url":"https:\/\/lifemobilevdesaglik.com\/en\/evde-yara-bakim\/","og_site_name":"Kad\u0131k\u00f6y Lifemobil Evde Sa\u011fl\u0131k ve Bak\u0131m","og_image":[{"width":1365,"height":1024,"url":"https:\/\/lifemobilevdesaglik.com\/wp-content\/uploads\/2025\/02\/272.jpg","type":"image\/jpeg"}],"twitter_card":"summary_large_image","schema":{"@context":"https:\/\/schema.org","@graph":[{"@type":"WebPage","@id":"https:\/\/lifemobilevdesaglik.com\/en\/evde-yara-bakim\/","url":"https:\/\/lifemobilevdesaglik.com\/en\/evde-yara-bakim\/","name":"Evde Yara Bak\u0131m - Kad\u0131k\u00f6y Lifemobil Evde Sa\u011fl\u0131k ve Bak\u0131m","isPartOf":{"@id":"https:\/\/lifemobilevdesaglik.com\/#website"},"primaryImageOfPage":{"@id":"https:\/\/lifemobilevdesaglik.com\/en\/evde-yara-bakim\/#primaryimage"},"image":{"@id":"https:\/\/lifemobilevdesaglik.com\/en\/evde-yara-bakim\/#primaryimage"},"thumbnailUrl":"https:\/\/lifemobilevdesaglik.com\/wp-content\/uploads\/2025\/02\/272-1024x768.jpg","datePublished":"2025-02-12T10:40:04+00:00","dateModified":"2025-02-12T10:40:04+00:00","breadcrumb":{"@id":"https:\/\/lifemobilevdesaglik.com\/en\/evde-yara-bakim\/#breadcrumb"},"inLanguage":"en-US","potentialAction":[{"@type":"ReadAction","target":["https:\/\/lifemobilevdesaglik.com\/en\/evde-yara-bakim\/"]}]},{"@type":"ImageObject","inLanguage":"en-US","@id":"https:\/\/lifemobilevdesaglik.com\/en\/evde-yara-bakim\/#primaryimage","url":"https:\/\/lifemobilevdesaglik.com\/wp-content\/uploads\/2025\/02\/272-1024x768.jpg","contentUrl":"https:\/\/lifemobilevdesaglik.com\/wp-content\/uploads\/2025\/02\/272-1024x768.jpg"},{"@type":"BreadcrumbList","@id":"https:\/\/lifemobilevdesaglik.com\/en\/evde-yara-bakim\/#breadcrumb","itemListElement":[{"@type":"ListItem","position":1,"name":"Anasayfa","item":"https:\/\/lifemobilevdesaglik.com\/en\/"},{"@type":"ListItem","position":2,"name":"Evde Yara Bak\u0131m"}]},{"@type":"WebSite","@id":"https:\/\/lifemobilevdesaglik.com\/#website","url":"https:\/\/lifemobilevdesaglik.com\/","name":"Kad\u0131k\u00f6y Lifemobil Evde Sa\u011fl\u0131k ve Bak\u0131m","description":"","potentialAction":[{"@type":"SearchAction","target":{"@type":"EntryPoint","urlTemplate":"https:\/\/lifemobilevdesaglik.com\/?s={search_term_string}"},"query-input":{"@type":"PropertyValueSpecification","valueRequired":true,"valueName":"search_term_string"}}],"inLanguage":"en-US"}]}},"_links":{"self":[{"href":"https:\/\/lifemobilevdesaglik.com\/en\/wp-json\/wp\/v2\/pages\/2198","targetHints":{"allow":["GET"]}}],"collection":[{"href":"https:\/\/lifemobilevdesaglik.com\/en\/wp-json\/wp\/v2\/pages"}],"about":[{"href":"https:\/\/lifemobilevdesaglik.com\/en\/wp-json\/wp\/v2\/types\/page"}],"author":[{"embeddable":true,"href":"https:\/\/lifemobilevdesaglik.com\/en\/wp-json\/wp\/v2\/users\/1"}],"replies":[{"embeddable":true,"href":"https:\/\/lifemobilevdesaglik.com\/en\/wp-json\/wp\/v2\/comments?post=2198"}],"version-history":[{"count":0,"href":"https:\/\/lifemobilevdesaglik.com\/en\/wp-json\/wp\/v2\/pages\/2198\/revisions"}],"up":[{"embeddable":true,"href":"https:\/\/lifemobilevdesaglik.com\/en\/wp-json\/wp\/v2\/pages\/2306"}],"wp:attachment":[{"href":"https:\/\/lifemobilevdesaglik.com\/en\/wp-json\/wp\/v2\/media?parent=2198"}],"curies":[{"name":"wp","href":"https:\/\/api.w.org\/{rel}","templated":true}]}}