{"id":2306,"date":"2024-12-31T16:28:10","date_gmt":"2024-12-31T13:28:10","guid":{"rendered":"https:\/\/lifemobilevdesaglik.com\/foto-galeri\/"},"modified":"2025-02-25T01:54:13","modified_gmt":"2025-02-24T22:54:13","slug":"photo-gallery","status":"publish","type":"page","link":"https:\/\/lifemobilevdesaglik.com\/en\/photo-gallery\/","title":{"rendered":"Photo Gallery"},"content":{"rendered":"<div class=\"wpb-content-wrapper\"><p>[vc_row][vc_column width=&#8221;1\/4&#8243;]\r\n    <a href=\"\" class=\"hizmetbox\">\r\n          <img decoding=\"async\" class=\"img-fluid hizmethero\" src=\"https:\/\/lifemobilevdesaglik.com\/wp-content\/uploads\/2025\/02\/472-500x311.jpg\" alt=\"\">\r\n          <div class=\"hizmetover\">\r\n            <h4>We Haven&#039;t Forgotten Our Little Friends<\/h4>\r\n            <img decoding=\"async\" src=\"https:\/\/lifemobilevdesaglik.com\/wp-content\/themes\/tisistem\/assets\/images\/hizmetarrow.svg\" alt=\"\">\r\n          <\/div>\r\n        <\/a>\r\n\r\n     \r\n    [\/vc_column][vc_column width=&#8221;1\/4&#8243;]\r\n    <a href=\"http:\/\/lifemed-evde-salk.local\/foto-galeri\/meme-kanseri-farkindalik-gunu\/\" class=\"hizmetbox\">\r\n          <img decoding=\"async\" class=\"img-fluid hizmethero\" src=\"https:\/\/lifemobilevdesaglik.com\/wp-content\/uploads\/2025\/02\/443-500x311.jpg\" alt=\"\">\r\n          <div class=\"hizmetover\">\r\n            <h4>Breast Cancer Awareness Day<\/h4>\r\n            <img decoding=\"async\" src=\"https:\/\/lifemobilevdesaglik.com\/wp-content\/themes\/tisistem\/assets\/images\/hizmetarrow.svg\" alt=\"\">\r\n          <\/div>\r\n        <\/a>\r\n\r\n     \r\n    [\/vc_column][vc_column width=&#8221;1\/4&#8243;]\r\n    <a href=\"http:\/\/lifemed-evde-salk.local\/foto-galeri\/coffex-istanbul-2021\/\" class=\"hizmetbox\">\r\n          <img decoding=\"async\" class=\"img-fluid hizmethero\" src=\"https:\/\/lifemobilevdesaglik.com\/wp-content\/uploads\/2025\/02\/414-500x311.jpg\" alt=\"\">\r\n          <div class=\"hizmetover\">\r\n            <h4>Coffex \u0130stanbul 2021<\/h4>\r\n            <img decoding=\"async\" src=\"https:\/\/lifemobilevdesaglik.com\/wp-content\/themes\/tisistem\/assets\/images\/hizmetarrow.svg\" alt=\"\">\r\n          <\/div>\r\n        <\/a>\r\n\r\n     \r\n    [\/vc_column][vc_column width=&#8221;1\/4&#8243;]\r\n    <a href=\"http:\/\/lifemed-evde-salk.local\/foto-galeri\/lifemobil-evde-saglik-ve-bakim\/\" class=\"hizmetbox\">\r\n          <img decoding=\"async\" class=\"img-fluid hizmethero\" src=\"https:\/\/lifemobilevdesaglik.com\/wp-content\/uploads\/2025\/02\/319-1-500x311.jpg\" alt=\"\">\r\n          <div class=\"hizmetover\">\r\n            <h4>Lifemobil Home Healthcare and Care<\/h4>\r\n            <img decoding=\"async\" src=\"https:\/\/lifemobilevdesaglik.com\/wp-content\/themes\/tisistem\/assets\/images\/hizmetarrow.svg\" alt=\"\">\r\n          <\/div>\r\n        <\/a>\r\n\r\n     \r\n    [\/vc_column][\/vc_row][vc_row css=&#8221;.vc_custom_1739357237632{margin-top: 30px !important;margin-bottom: 60px !important;}&#8221;][vc_column width=&#8221;1\/4&#8243;]\r\n    <a href=\"http:\/\/lifemed-evde-salk.local\/foto-galeri\/1-ekim-yaslilar-gunu-etkinligimizden\/\" class=\"hizmetbox\">\r\n          <img decoding=\"async\" class=\"img-fluid hizmethero\" src=\"https:\/\/lifemobilevdesaglik.com\/wp-content\/uploads\/2025\/02\/304-500x311.jpg\" alt=\"\">\r\n          <div class=\"hizmetover\">\r\n            <h4>Our October 1st Elderly Day Event<\/h4>\r\n            <img decoding=\"async\" src=\"https:\/\/lifemobilevdesaglik.com\/wp-content\/themes\/tisistem\/assets\/images\/hizmetarrow.svg\" alt=\"\">\r\n          <\/div>\r\n        <\/a>\r\n\r\n     \r\n    [\/vc_column][vc_column width=&#8221;1\/4&#8243;]\r\n    <a href=\"http:\/\/lifemed-evde-salk.local\/foto-galeri\/evde-yara-bakim\/\" class=\"hizmetbox\">\r\n          <img decoding=\"async\" class=\"img-fluid hizmethero\" src=\"https:\/\/lifemobilevdesaglik.com\/wp-content\/uploads\/2025\/02\/264-500x311.jpg\" alt=\"\">\r\n          <div class=\"hizmetover\">\r\n            <h4>Home Wound Care<\/h4>\r\n            <img decoding=\"async\" src=\"https:\/\/lifemobilevdesaglik.com\/wp-content\/themes\/tisistem\/assets\/images\/hizmetarrow.svg\" alt=\"\">\r\n          <\/div>\r\n        <\/a>\r\n\r\n     \r\n    [\/vc_column][vc_column width=&#8221;1\/4&#8243;]\r\n    <a href=\"http:\/\/lifemed-evde-salk.local\/foto-galeri\/sosyal-medyada-lifemobil\/\" class=\"hizmetbox\">\r\n          <img decoding=\"async\" class=\"img-fluid hizmethero\" src=\"https:\/\/lifemobilevdesaglik.com\/wp-content\/uploads\/2024\/12\/53-500x311.jpg\" alt=\"\">\r\n          <div class=\"hizmetover\">\r\n            <h4>Lifemobil on Social Media<\/h4>\r\n            <img decoding=\"async\" src=\"https:\/\/lifemobilevdesaglik.com\/wp-content\/themes\/tisistem\/assets\/images\/hizmetarrow.svg\" alt=\"\">\r\n          <\/div>\r\n        <\/a>\r\n\r\n     \r\n    [\/vc_column][vc_column width=&#8221;1\/4&#8243;]\r\n    <a href=\"http:\/\/lifemed-evde-salk.local\/foto-galeri\/kartal-dragos-doga-huzurevi\/\" class=\"hizmetbox\">\r\n          <img decoding=\"async\" class=\"img-fluid hizmethero\" src=\"https:\/\/lifemobilevdesaglik.com\/wp-content\/uploads\/2025\/02\/191-500x311.jpg\" alt=\"\">\r\n          <div class=\"hizmetover\">\r\n            <h4>Kartal Dragos Nature Nursing Home<\/h4>\r\n            <img decoding=\"async\" src=\"https:\/\/lifemobilevdesaglik.com\/wp-content\/themes\/tisistem\/assets\/images\/hizmetarrow.svg\" alt=\"\">\r\n          <\/div>\r\n        <\/a>\r\n\r\n     \r\n    [\/vc_column][\/vc_row]<\/p>\n<\/div>","protected":false},"excerpt":{"rendered":"<p>[vc_row][vc_column width=&#8221;1\/4&#8243;][\/vc_column][vc_column width=&#8221;1\/4&#8243;][\/vc_column][vc_column width=&#8221;1\/4&#8243;][\/vc_column][vc_column width=&#8221;1\/4&#8243;][\/vc_column][\/vc_row][vc_row css=&#8221;.vc_custom_1739357237632{margin-top: 30px !important;margin-bottom: 60px !important;}&#8221;][vc_column width=&#8221;1\/4&#8243;][\/vc_column][vc_column width=&#8221;1\/4&#8243;][\/vc_column][vc_column width=&#8221;1\/4&#8243;][\/vc_column][vc_column width=&#8221;1\/4&#8243;][\/vc_column][\/vc_row]<\/p>\n","protected":false},"author":1,"featured_media":0,"parent":0,"menu_order":0,"comment_status":"closed","ping_status":"closed","template":"","meta":{"footnotes":""},"class_list":["post-2306","page","type-page","status-publish","hentry"],"yoast_head":"<!-- This site is optimized with the Yoast SEO plugin v24.1 - https:\/\/yoast.com\/wordpress\/plugins\/seo\/ -->\n<title>Photo Gallery - Kad\u0131k\u00f6y Lifemobil Evde Sa\u011fl\u0131k ve Bak\u0131m<\/title>\n<meta name=\"robots\" content=\"index, follow, max-snippet:-1, max-image-preview:large, max-video-preview:-1\" \/>\n<link rel=\"canonical\" href=\"https:\/\/lifemobilevdesaglik.com\/en\/photo-gallery\/\" \/>\n<meta property=\"og:locale\" content=\"en_US\" \/>\n<meta property=\"og:type\" content=\"article\" \/>\n<meta property=\"og:title\" content=\"Photo Gallery - Kad\u0131k\u00f6y Lifemobil Evde Sa\u011fl\u0131k ve Bak\u0131m\" \/>\n<meta property=\"og:description\" content=\"[vc_row][vc_column width=&#8221;1\/4&#8243;][\/vc_column][vc_column width=&#8221;1\/4&#8243;][\/vc_column][vc_column width=&#8221;1\/4&#8243;][\/vc_column][vc_column width=&#8221;1\/4&#8243;][\/vc_column][\/vc_row][vc_row css=&#8221;.vc_custom_1739357237632{margin-top: 30px !important;margin-bottom: 60px !important;}&#8221;][vc_column width=&#8221;1\/4&#8243;][\/vc_column][vc_column width=&#8221;1\/4&#8243;][\/vc_column][vc_column width=&#8221;1\/4&#8243;][\/vc_column][vc_column width=&#8221;1\/4&#8243;][\/vc_column][\/vc_row]\" \/>\n<meta property=\"og:url\" content=\"https:\/\/lifemobilevdesaglik.com\/en\/photo-gallery\/\" \/>\n<meta property=\"og:site_name\" content=\"Kad\u0131k\u00f6y Lifemobil Evde Sa\u011fl\u0131k ve Bak\u0131m\" \/>\n<meta property=\"article:modified_time\" content=\"2025-02-24T22:54:13+00:00\" \/>\n<meta name=\"twitter:card\" content=\"summary_large_image\" \/>\n<meta name=\"twitter:label1\" content=\"Est. reading time\" \/>\n\t<meta name=\"twitter:data1\" content=\"2 minutes\" \/>\n<script type=\"application\/ld+json\" class=\"yoast-schema-graph\">{\"@context\":\"https:\/\/schema.org\",\"@graph\":[{\"@type\":\"WebPage\",\"@id\":\"https:\/\/lifemobilevdesaglik.com\/en\/photo-gallery\/\",\"url\":\"https:\/\/lifemobilevdesaglik.com\/en\/photo-gallery\/\",\"name\":\"Photo Gallery - Kad\u0131k\u00f6y Lifemobil Evde Sa\u011fl\u0131k ve Bak\u0131m\",\"isPartOf\":{\"@id\":\"https:\/\/lifemobilevdesaglik.com\/#website\"},\"datePublished\":\"2024-12-31T13:28:10+00:00\",\"dateModified\":\"2025-02-24T22:54:13+00:00\",\"breadcrumb\":{\"@id\":\"https:\/\/lifemobilevdesaglik.com\/en\/photo-gallery\/#breadcrumb\"},\"inLanguage\":\"en-US\",\"potentialAction\":[{\"@type\":\"ReadAction\",\"target\":[\"https:\/\/lifemobilevdesaglik.com\/en\/photo-gallery\/\"]}]},{\"@type\":\"BreadcrumbList\",\"@id\":\"https:\/\/lifemobilevdesaglik.com\/en\/photo-gallery\/#breadcrumb\",\"itemListElement\":[{\"@type\":\"ListItem\",\"position\":1,\"name\":\"Anasayfa\",\"item\":\"https:\/\/lifemobilevdesaglik.com\/en\/\"},{\"@type\":\"ListItem\",\"position\":2,\"name\":\"Photo Gallery\"}]},{\"@type\":\"WebSite\",\"@id\":\"https:\/\/lifemobilevdesaglik.com\/#website\",\"url\":\"https:\/\/lifemobilevdesaglik.com\/\",\"name\":\"Kad\u0131k\u00f6y Lifemobil Evde Sa\u011fl\u0131k ve Bak\u0131m\",\"description\":\"\",\"potentialAction\":[{\"@type\":\"SearchAction\",\"target\":{\"@type\":\"EntryPoint\",\"urlTemplate\":\"https:\/\/lifemobilevdesaglik.com\/?s={search_term_string}\"},\"query-input\":{\"@type\":\"PropertyValueSpecification\",\"valueRequired\":true,\"valueName\":\"search_term_string\"}}],\"inLanguage\":\"en-US\"}]}<\/script>\n<!-- \/ Yoast SEO plugin. -->","yoast_head_json":{"title":"Photo Gallery - Kad\u0131k\u00f6y Lifemobil Evde Sa\u011fl\u0131k ve Bak\u0131m","robots":{"index":"index","follow":"follow","max-snippet":"max-snippet:-1","max-image-preview":"max-image-preview:large","max-video-preview":"max-video-preview:-1"},"canonical":"https:\/\/lifemobilevdesaglik.com\/en\/photo-gallery\/","og_locale":"en_US","og_type":"article","og_title":"Photo Gallery - Kad\u0131k\u00f6y Lifemobil Evde Sa\u011fl\u0131k ve Bak\u0131m","og_description":"[vc_row][vc_column width=&#8221;1\/4&#8243;][\/vc_column][vc_column width=&#8221;1\/4&#8243;][\/vc_column][vc_column width=&#8221;1\/4&#8243;][\/vc_column][vc_column width=&#8221;1\/4&#8243;][\/vc_column][\/vc_row][vc_row css=&#8221;.vc_custom_1739357237632{margin-top: 30px !important;margin-bottom: 60px !important;}&#8221;][vc_column width=&#8221;1\/4&#8243;][\/vc_column][vc_column width=&#8221;1\/4&#8243;][\/vc_column][vc_column width=&#8221;1\/4&#8243;][\/vc_column][vc_column width=&#8221;1\/4&#8243;][\/vc_column][\/vc_row]","og_url":"https:\/\/lifemobilevdesaglik.com\/en\/photo-gallery\/","og_site_name":"Kad\u0131k\u00f6y Lifemobil Evde Sa\u011fl\u0131k ve Bak\u0131m","article_modified_time":"2025-02-24T22:54:13+00:00","twitter_card":"summary_large_image","twitter_misc":{"Est. reading time":"2 minutes"},"schema":{"@context":"https:\/\/schema.org","@graph":[{"@type":"WebPage","@id":"https:\/\/lifemobilevdesaglik.com\/en\/photo-gallery\/","url":"https:\/\/lifemobilevdesaglik.com\/en\/photo-gallery\/","name":"Photo Gallery - Kad\u0131k\u00f6y Lifemobil Evde Sa\u011fl\u0131k ve Bak\u0131m","isPartOf":{"@id":"https:\/\/lifemobilevdesaglik.com\/#website"},"datePublished":"2024-12-31T13:28:10+00:00","dateModified":"2025-02-24T22:54:13+00:00","breadcrumb":{"@id":"https:\/\/lifemobilevdesaglik.com\/en\/photo-gallery\/#breadcrumb"},"inLanguage":"en-US","potentialAction":[{"@type":"ReadAction","target":["https:\/\/lifemobilevdesaglik.com\/en\/photo-gallery\/"]}]},{"@type":"BreadcrumbList","@id":"https:\/\/lifemobilevdesaglik.com\/en\/photo-gallery\/#breadcrumb","itemListElement":[{"@type":"ListItem","position":1,"name":"Anasayfa","item":"https:\/\/lifemobilevdesaglik.com\/en\/"},{"@type":"ListItem","position":2,"name":"Photo Gallery"}]},{"@type":"WebSite","@id":"https:\/\/lifemobilevdesaglik.com\/#website","url":"https:\/\/lifemobilevdesaglik.com\/","name":"Kad\u0131k\u00f6y Lifemobil Evde Sa\u011fl\u0131k ve Bak\u0131m","description":"","potentialAction":[{"@type":"SearchAction","target":{"@type":"EntryPoint","urlTemplate":"https:\/\/lifemobilevdesaglik.com\/?s={search_term_string}"},"query-input":{"@type":"PropertyValueSpecification","valueRequired":true,"valueName":"search_term_string"}}],"inLanguage":"en-US"}]}},"_links":{"self":[{"href":"https:\/\/lifemobilevdesaglik.com\/en\/wp-json\/wp\/v2\/pages\/2306","targetHints":{"allow":["GET"]}}],"collection":[{"href":"https:\/\/lifemobilevdesaglik.com\/en\/wp-json\/wp\/v2\/pages"}],"about":[{"href":"https:\/\/lifemobilevdesaglik.com\/en\/wp-json\/wp\/v2\/types\/page"}],"author":[{"embeddable":true,"href":"https:\/\/lifemobilevdesaglik.com\/en\/wp-json\/wp\/v2\/users\/1"}],"replies":[{"embeddable":true,"href":"https:\/\/lifemobilevdesaglik.com\/en\/wp-json\/wp\/v2\/comments?post=2306"}],"version-history":[{"count":2,"href":"https:\/\/lifemobilevdesaglik.com\/en\/wp-json\/wp\/v2\/pages\/2306\/revisions"}],"predecessor-version":[{"id":2373,"href":"https:\/\/lifemobilevdesaglik.com\/en\/wp-json\/wp\/v2\/pages\/2306\/revisions\/2373"}],"wp:attachment":[{"href":"https:\/\/lifemobilevdesaglik.com\/en\/wp-json\/wp\/v2\/media?parent=2306"}],"curies":[{"name":"wp","href":"https:\/\/api.w.org\/{rel}","templated":true}]}}