{"id":2308,"date":"2024-12-29T22:55:30","date_gmt":"2024-12-29T19:55:30","guid":{"rendered":"https:\/\/lifemobilevdesaglik.com\/iletisim\/"},"modified":"2025-02-25T01:56:10","modified_gmt":"2025-02-24T22:56:10","slug":"contact","status":"publish","type":"page","link":"https:\/\/lifemobilevdesaglik.com\/en\/contact\/","title":{"rendered":"Contact"},"content":{"rendered":"<div class=\"wpb-content-wrapper\"><p>[vc_row][vc_column width=&#8221;1\/2&#8243;][vc_single_image image=&#8221;625&#8243; img_size=&#8221;full&#8221; css=&#8221;&#8221;][vc_custom_heading text=&#8221;Get Free Information&#8221; font_container=&#8221;tag:h3|text_align:left&#8221; use_theme_fonts=&#8221;yes&#8221; css=&#8221;&#8221; el_class=&#8221;secheading&#8221;][vc_column_text css=&#8221;&#8221;]<\/p>\n<div class=\"modulContent\">\n<div id=\"messageFormData\">\n<p>You can write to us on any subject by filling out the form below. Your information will be kept confidential under our Privacy, Personal Data, and Cookie Policy. Please make sure to fill out the form completely so that we can reach you. Our team will contact you.<\/p>\n<\/div>\n<\/div>\n<p>[\/vc_column_text][vc_row_inner el_class=&#8221;contentwhite&#8221;][vc_column_inner]<script type=\"text\/javascript\">var gform;gform||(document.addEventListener(\"gform_main_scripts_loaded\",function(){gform.scriptsLoaded=!0}),window.addEventListener(\"DOMContentLoaded\",function(){gform.domLoaded=!0}),gform={domLoaded:!1,scriptsLoaded:!1,initializeOnLoaded:function(o){gform.domLoaded&&gform.scriptsLoaded?o():!gform.domLoaded&&gform.scriptsLoaded?window.addEventListener(\"DOMContentLoaded\",o):document.addEventListener(\"gform_main_scripts_loaded\",o)},hooks:{action:{},filter:{}},addAction:function(o,n,r,t){gform.addHook(\"action\",o,n,r,t)},addFilter:function(o,n,r,t){gform.addHook(\"filter\",o,n,r,t)},doAction:function(o){gform.doHook(\"action\",o,arguments)},applyFilters:function(o){return gform.doHook(\"filter\",o,arguments)},removeAction:function(o,n){gform.removeHook(\"action\",o,n)},removeFilter:function(o,n,r){gform.removeHook(\"filter\",o,n,r)},addHook:function(o,n,r,t,i){null==gform.hooks[o][n]&&(gform.hooks[o][n]=[]);var e=gform.hooks[o][n];null==i&&(i=n+\"_\"+e.length),gform.hooks[o][n].push({tag:i,callable:r,priority:t=null==t?10:t})},doHook:function(n,o,r){var t;if(r=Array.prototype.slice.call(r,1),null!=gform.hooks[n][o]&&((o=gform.hooks[n][o]).sort(function(o,n){return o.priority-n.priority}),o.forEach(function(o){\"function\"!=typeof(t=o.callable)&&(t=window[t]),\"action\"==n?t.apply(null,r):r[0]=t.apply(null,r)})),\"filter\"==n)return r[0]},removeHook:function(o,n,t,i){var r;null!=gform.hooks[o][n]&&(r=(r=gform.hooks[o][n]).filter(function(o,n,r){return!!(null!=i&&i!=o.tag||null!=t&&t!=o.priority)}),gform.hooks[o][n]=r)}});<\/script>\n                <div class='gf_browser_gecko gform_wrapper gravity-theme gform-theme--no-framework' data-form-theme='gravity-theme' data-form-index='0' id='gform_wrapper_8' >\n                        <div class='gform_heading'>\n\t\t\t\t\t\t\t<p class='gform_required_legend'>&quot;<span class=\"gfield_required gfield_required_asterisk\">*<\/span>&quot; indicates required fields<\/p>\n                        <\/div><form method='post' enctype='multipart\/form-data'  id='gform_8'  action='\/en\/wp-json\/wp\/v2\/pages\/2308' data-formid='8' >\n                        <div class='gform-body gform_body'><div id='gform_fields_8' class='gform_fields top_label form_sublabel_below description_below'><div id=\"field_8_1\"  class=\"gfield gfield--type-text gfield_contains_required field_sublabel_below gfield--no-description field_description_below hidden_label gfield_visibility_visible\"  data-js-reload=\"field_8_1\"><label class='gfield_label gform-field-label' for='input_8_1' >Ad Soyad<span class=\"gfield_required\"><span class=\"gfield_required gfield_required_asterisk\">*<\/span><\/span><\/label><div class='ginput_container ginput_container_text'><input name='input_1' id='input_8_1' type='text' value='' class='large'    placeholder='Ad Soyad' aria-required=\"true\" aria-invalid=\"false\"   \/> <\/div><\/div><div id=\"field_8_3\"  class=\"gfield gfield--type-email gfield--width-full gfield_contains_required field_sublabel_below gfield--no-description field_description_below hidden_label gfield_visibility_visible\"  data-js-reload=\"field_8_3\"><label class='gfield_label gform-field-label' for='input_8_3' >E-Posta<span class=\"gfield_required\"><span class=\"gfield_required gfield_required_asterisk\">*<\/span><\/span><\/label><div class='ginput_container ginput_container_email'>\n                            <input name='input_3' id='input_8_3' type='text' value='' class='large'   placeholder='E-Posta' aria-required=\"true\" aria-invalid=\"false\"  \/>\n                        <\/div><\/div><div id=\"field_8_7\"  class=\"gfield gfield--type-text gfield--width-full field_sublabel_below gfield--no-description field_description_below hidden_label gfield_visibility_visible\"  data-js-reload=\"field_8_7\"><label class='gfield_label gform-field-label' for='input_8_7' >Konu<\/label><div class='ginput_container ginput_container_text'><input name='input_7' id='input_8_7' type='text' value='' class='large'    placeholder='Konu'  aria-invalid=\"false\"   \/> <\/div><\/div><div id=\"field_8_8\"  class=\"gfield gfield--type-textarea gfield--width-full field_sublabel_below gfield--no-description field_description_below hidden_label gfield_visibility_visible\"  data-js-reload=\"field_8_8\"><label class='gfield_label gform-field-label' for='input_8_8' >Mesaj<\/label><div class='ginput_container ginput_container_textarea'><textarea name='input_8' id='input_8_8' class='textarea small'    placeholder='Mesaj'  aria-invalid=\"false\"   rows='10' cols='50'><\/textarea><\/div><\/div><fieldset id=\"field_8_6\"  class=\"gfield gfield--type-consent gfield--type-choice gfield--input-type-consent gfield--width-full gfield_contains_required field_sublabel_below gfield--no-description field_description_below hidden_label gfield_visibility_visible\"  data-js-reload=\"field_8_6\"><legend class='gfield_label gform-field-label gfield_label_before_complex'  >Onay<span class=\"gfield_required\"><span class=\"gfield_required gfield_required_asterisk\">*<\/span><\/span><\/legend><div class='ginput_container ginput_container_consent'><input name='input_6.1' id='input_8_6_1' type='checkbox' value='1'   aria-required=\"true\" aria-invalid=\"false\"   \/> <label class=\"gform-field-label gform-field-label--type-inline gfield_consent_label\" for='input_8_6_1' ><a href=\"https:\/\/kreatiflive.com\/2025\/evdesaglik\/gizlilik-ilkesi\/\" target=\"_blank\">Gizlilik politikas\u0131n\u0131 <\/a>okudum, anlad\u0131m ve \u015fartlar\u0131 kabul ediyorum.<span class=\"gfield_required gfield_required_asterisk\">*<\/span><\/label><input type='hidden' name='input_6.2' value='&lt;a href=&quot;https:\/\/kreatiflive.com\/2025\/evdesaglik\/gizlilik-ilkesi\/&quot; target=&quot;_blank&quot;&gt;Gizlilik politikas\u0131n\u0131 &lt;\/a&gt;okudum, anlad\u0131m ve \u015fartlar\u0131 kabul ediyorum.' class='gform_hidden' \/><input type='hidden' name='input_6.3' value='8' class='gform_hidden' \/><\/div><\/fieldset><div id=\"field_8_9\"  class=\"gfield gfield--type-captcha gfield--width-full field_sublabel_below gfield--no-description field_description_below hidden_label gfield_visibility_visible\"  data-js-reload=\"field_8_9\"><label class='gfield_label gform-field-label' for='input_8_9' >CAPTCHA<\/label><div id='input_8_9' class='ginput_container ginput_recaptcha' data-sitekey='6LekGicrAAAAAM9AFIjhVz8k3q-nW9JM2IVmesMP'  data-theme='light' data-tabindex='0'  data-badge=''><\/div><\/div><\/div><\/div>\n        <div class='gform_footer top_label'> <input type='submit' id='gform_submit_button_8' class='gform_button button' value='G\u00f6nder'  onclick='if(window[\"gf_submitting_8\"]){return false;}  window[\"gf_submitting_8\"]=true;  ' onkeypress='if( event.keyCode == 13 ){ if(window[\"gf_submitting_8\"]){return false;} window[\"gf_submitting_8\"]=true;  jQuery(\"#gform_8\").trigger(\"submit\",[true]); }' \/> \n            <input type='hidden' class='gform_hidden' name='is_submit_8' value='1' \/>\n            <input type='hidden' class='gform_hidden' name='gform_submit' value='8' \/>\n            \n            <input type='hidden' class='gform_hidden' name='gform_unique_id' value='' \/>\n            <input type='hidden' class='gform_hidden' name='state_8' value='WyJ7XCI2LjFcIjpcIjU4ODNmNWI0YzA4ODQ2ZWJlMTZkNDkxYmI0M2JkNjRhXCIsXCI2LjJcIjpcImZlNzk2M2Y5MWY0ODc0MWYzZTU4YWFhOTlkM2FiZDFjXCIsXCI2LjNcIjpcImQ1YzNjNzkwYjQ5Mzk3Mjk1YWMwMmYzYmRlNzgzYTAxXCJ9IiwiZjQxYTM0YmViMGZmMWQzMTBkZWNkYjdmMjE0MWU0MmYiXQ==' \/>\n            <input type='hidden' class='gform_hidden' name='gform_target_page_number_8' id='gform_target_page_number_8' value='0' \/>\n            <input type='hidden' class='gform_hidden' name='gform_source_page_number_8' id='gform_source_page_number_8' value='1' \/>\n            <input type='hidden' name='gform_field_values' value='' \/>\n            \n        <\/div>\n                        <\/form>\n                        <\/div><script type=\"text\/javascript\">\n\/* <![CDATA[ *\/\n gform.initializeOnLoaded( function() {gformInitSpinner( 8, 'https:\/\/lifemobilevdesaglik.com\/wp-content\/plugins\/gravityforms\/images\/spinner.svg', true );jQuery('#gform_ajax_frame_8').on('load',function(){var contents = jQuery(this).contents().find('*').html();var is_postback = contents.indexOf('GF_AJAX_POSTBACK') >= 0;if(!is_postback){return;}var form_content = jQuery(this).contents().find('#gform_wrapper_8');var is_confirmation = jQuery(this).contents().find('#gform_confirmation_wrapper_8').length > 0;var is_redirect = contents.indexOf('gformRedirect(){') >= 0;var is_form = form_content.length > 0 && ! is_redirect && ! is_confirmation;var mt = parseInt(jQuery('html').css('margin-top'), 10) + parseInt(jQuery('body').css('margin-top'), 10) + 100;if(is_form){jQuery('#gform_wrapper_8').html(form_content.html());if(form_content.hasClass('gform_validation_error')){jQuery('#gform_wrapper_8').addClass('gform_validation_error');} else {jQuery('#gform_wrapper_8').removeClass('gform_validation_error');}setTimeout( function() { \/* delay the scroll by 50 milliseconds to fix a bug in chrome *\/  }, 50 );if(window['gformInitDatepicker']) {gformInitDatepicker();}if(window['gformInitPriceFields']) {gformInitPriceFields();}var current_page = jQuery('#gform_source_page_number_8').val();gformInitSpinner( 8, 'https:\/\/lifemobilevdesaglik.com\/wp-content\/plugins\/gravityforms\/images\/spinner.svg', true );jQuery(document).trigger('gform_page_loaded', [8, current_page]);window['gf_submitting_8'] = false;}else if(!is_redirect){var confirmation_content = jQuery(this).contents().find('.GF_AJAX_POSTBACK').html();if(!confirmation_content){confirmation_content = contents;}setTimeout(function(){jQuery('#gform_wrapper_8').replaceWith(confirmation_content);jQuery(document).trigger('gform_confirmation_loaded', [8]);window['gf_submitting_8'] = false;wp.a11y.speak(jQuery('#gform_confirmation_message_8').text());}, 50);}else{jQuery('#gform_8').append(contents);if(window['gformRedirect']) {gformRedirect();}}jQuery(document).trigger('gform_post_render', [8, current_page]);gform.utils.trigger({ event: 'gform\/postRender', native: false, data: { formId: 8, currentPage: current_page } });} );} ); \n\/* ]]> *\/\n<\/script>\n[\/vc_column_inner][\/vc_row_inner][\/vc_column][vc_column width=&#8221;1\/2&#8243; el_class=&#8221;polileftspace lfcontent&#8221;][vc_single_image image=&#8221;625&#8243; img_size=&#8221;full&#8221; css=&#8221;&#8221;][vc_custom_heading text=&#8221;Contact Information&#8221; font_container=&#8221;tag:h3|text_align:left&#8221; use_theme_fonts=&#8221;yes&#8221; css=&#8221;&#8221; el_class=&#8221;secheading&#8221;][vc_column_text css=&#8221;.vc_custom_1740437765412{margin-top: 50px !important;}&#8221;]G\u00f6ztepe Mah. Ba\u011fdat Caddesi No: 191\/1-1 34730 \u00c7iftehavuzlar &#8211; Kad\u0131k\u00f6y \/ \u0130stanbul\/ Turkey<\/p>\n<p>T :\u00a0<a href=\"tel:4445466\">444 54 66<\/a><\/p>\n<p>W: <a href=\"https:\/\/wa.me\/905548374902\">+90 554 837 49 02<\/a><\/p>\n<p>E : <a href=\"mailto:info@lifemobilevdesaglik.com\">info@lifemobilevdesaglik.com<\/a>[\/vc_column_text][vc_gmaps link=&#8221;#E-8_JTNDaWZyYW1lJTIwc3JjJTNEJTIyaHR0cHMlM0ElMkYlMkZ3d3cuZ29vZ2xlLmNvbSUyRm1hcHMlMkZlbWJlZCUzRnBiJTNEJTIxMW0xNCUyMTFtOCUyMTFtMyUyMTFkMjQwOTguNTE4NDQ2MzA1OTglMjEyZDI5LjA1NDQ1JTIxM2Q0MC45NzQ1ODclMjEzbTIlMjExaTEwMjQlMjEyaTc2OCUyMTRmMTMuMSUyMTNtMyUyMTFtMiUyMTFzMHgxNGNhYzdjNmY4NDQzMjU3JTI1M0EweDUyYjhjODU3YTUzYzhlNmYlMjEyelRHbG1aVzF2WW1sc0lFVjJaR1VnVTJIRW4yekVzV3NnZG1VZ1FtRnJ4TEZ0JTIxNWUwJTIxM20yJTIxMXN0ciUyMTJzdXMlMjE0djE3MzkzNjQzNDM5NzElMjE1bTIlMjExc3RyJTIxMnN1cyUyMiUyMHdpZHRoJTNEJTIyMTAwJTI1JTIyJTIwaGVpZ2h0JTNEJTIyNDUwJTIyJTIwc3R5bGUlM0QlMjJib3JkZXIlM0EwJTNCJTIyJTIwYWxsb3dmdWxsc2NyZWVuJTNEJTIyJTIyJTIwbG9hZGluZyUzRCUyMmxhenklMjIlMjByZWZlcnJlcnBvbGljeSUzRCUyMm5vLXJlZmVycmVyLXdoZW4tZG93bmdyYWRlJTIyJTNFJTNDJTJGaWZyYW1lJTNF&#8221; css=&#8221;&#8221;][\/vc_column][\/vc_row]<\/p>\n<\/div>","protected":false},"excerpt":{"rendered":"<p>[vc_row][vc_column width=&#8221;1\/2&#8243;][vc_single_image image=&#8221;625&#8243; img_size=&#8221;full&#8221; css=&#8221;&#8221;][vc_custom_heading text=&#8221;Get Free Information&#8221; font_container=&#8221;tag:h3|text_align:left&#8221; use_theme_fonts=&#8221;yes&#8221; css=&#8221;&#8221; el_class=&#8221;secheading&#8221;][vc_column_text css=&#8221;&#8221;] You can write to us on any subject by filling out the form below. Your information will be kept confidential under our Privacy, Personal Data, and Cookie Policy. Please make sure to fill out the form completely so that we can reach you. Our team will contact you. [\/vc_column_text][vc_row_inner el_class=&#8221;contentwhite&#8221;][vc_column_inner][\/vc_column_inner][\/vc_row_inner][\/vc_column][vc_column width=&#8221;1\/2&#8243; el_class=&#8221;polileftspace lfcontent&#8221;][vc_single_image image=&#8221;625&#8243; img_size=&#8221;full&#8221; css=&#8221;&#8221;][vc_custom_heading text=&#8221;Contact Information&#8221; font_container=&#8221;tag:h3|text_align:left&#8221; use_theme_fonts=&#8221;yes&#8221; css=&#8221;&#8221; el_class=&#8221;secheading&#8221;][vc_column_text css=&#8221;.vc_custom_1740437765412{margin-top: 50px !important;}&#8221;]G\u00f6ztepe Mah. Ba\u011fdat Caddesi No: 191\/1-1 34730 \u00c7iftehavuzlar &#8211; Kad\u0131k\u00f6y \/ \u0130stanbul\/ Turkey T :\u00a0444 54 66 W: +90 554 837 49 02 [&hellip;]<\/p>\n","protected":false},"author":1,"featured_media":0,"parent":0,"menu_order":0,"comment_status":"closed","ping_status":"closed","template":"","meta":{"footnotes":""},"class_list":["post-2308","page","type-page","status-publish","hentry"],"yoast_head":"<!-- This site is optimized with the Yoast SEO plugin v24.1 - https:\/\/yoast.com\/wordpress\/plugins\/seo\/ -->\n<title>Contact - Kad\u0131k\u00f6y Lifemobil Evde Sa\u011fl\u0131k ve Bak\u0131m<\/title>\n<meta name=\"robots\" content=\"index, follow, max-snippet:-1, max-image-preview:large, max-video-preview:-1\" \/>\n<link rel=\"canonical\" href=\"https:\/\/lifemobilevdesaglik.com\/en\/contact\/\" \/>\n<meta property=\"og:locale\" content=\"en_US\" \/>\n<meta property=\"og:type\" content=\"article\" \/>\n<meta property=\"og:title\" content=\"Contact - Kad\u0131k\u00f6y Lifemobil Evde Sa\u011fl\u0131k ve Bak\u0131m\" \/>\n<meta property=\"og:description\" content=\"[vc_row][vc_column width=&#8221;1\/2&#8243;][vc_single_image image=&#8221;625&#8243; img_size=&#8221;full&#8221; css=&#8221;&#8221;][vc_custom_heading text=&#8221;Get Free Information&#8221; font_container=&#8221;tag:h3|text_align:left&#8221; use_theme_fonts=&#8221;yes&#8221; css=&#8221;&#8221; el_class=&#8221;secheading&#8221;][vc_column_text css=&#8221;&#8221;] You can write to us on any subject by filling out the form below. Your information will be kept confidential under our Privacy, Personal Data, and Cookie Policy. Please make sure to fill out the form completely so that we can reach you. Our team will contact you. [\/vc_column_text][vc_row_inner el_class=&#8221;contentwhite&#8221;][vc_column_inner][\/vc_column_inner][\/vc_row_inner][\/vc_column][vc_column width=&#8221;1\/2&#8243; el_class=&#8221;polileftspace lfcontent&#8221;][vc_single_image image=&#8221;625&#8243; img_size=&#8221;full&#8221; css=&#8221;&#8221;][vc_custom_heading text=&#8221;Contact Information&#8221; font_container=&#8221;tag:h3|text_align:left&#8221; use_theme_fonts=&#8221;yes&#8221; css=&#8221;&#8221; el_class=&#8221;secheading&#8221;][vc_column_text css=&#8221;.vc_custom_1740437765412{margin-top: 50px !important;}&#8221;]G\u00f6ztepe Mah. Ba\u011fdat Caddesi No: 191\/1-1 34730 \u00c7iftehavuzlar &#8211; Kad\u0131k\u00f6y \/ \u0130stanbul\/ Turkey T :\u00a0444 54 66 W: +90 554 837 49 02 [&hellip;]\" \/>\n<meta property=\"og:url\" content=\"https:\/\/lifemobilevdesaglik.com\/en\/contact\/\" \/>\n<meta property=\"og:site_name\" content=\"Kad\u0131k\u00f6y Lifemobil Evde Sa\u011fl\u0131k ve Bak\u0131m\" \/>\n<meta property=\"article:modified_time\" content=\"2025-02-24T22:56:10+00:00\" \/>\n<meta name=\"twitter:card\" content=\"summary_large_image\" \/>\n<meta name=\"twitter:label1\" content=\"Est. reading time\" \/>\n\t<meta name=\"twitter:data1\" content=\"2 minutes\" \/>\n<script type=\"application\/ld+json\" class=\"yoast-schema-graph\">{\"@context\":\"https:\/\/schema.org\",\"@graph\":[{\"@type\":\"WebPage\",\"@id\":\"https:\/\/lifemobilevdesaglik.com\/en\/contact\/\",\"url\":\"https:\/\/lifemobilevdesaglik.com\/en\/contact\/\",\"name\":\"Contact - Kad\u0131k\u00f6y Lifemobil Evde Sa\u011fl\u0131k ve Bak\u0131m\",\"isPartOf\":{\"@id\":\"https:\/\/lifemobilevdesaglik.com\/#website\"},\"datePublished\":\"2024-12-29T19:55:30+00:00\",\"dateModified\":\"2025-02-24T22:56:10+00:00\",\"breadcrumb\":{\"@id\":\"https:\/\/lifemobilevdesaglik.com\/en\/contact\/#breadcrumb\"},\"inLanguage\":\"en-US\",\"potentialAction\":[{\"@type\":\"ReadAction\",\"target\":[\"https:\/\/lifemobilevdesaglik.com\/en\/contact\/\"]}]},{\"@type\":\"BreadcrumbList\",\"@id\":\"https:\/\/lifemobilevdesaglik.com\/en\/contact\/#breadcrumb\",\"itemListElement\":[{\"@type\":\"ListItem\",\"position\":1,\"name\":\"Anasayfa\",\"item\":\"https:\/\/lifemobilevdesaglik.com\/en\/\"},{\"@type\":\"ListItem\",\"position\":2,\"name\":\"Contact\"}]},{\"@type\":\"WebSite\",\"@id\":\"https:\/\/lifemobilevdesaglik.com\/#website\",\"url\":\"https:\/\/lifemobilevdesaglik.com\/\",\"name\":\"Kad\u0131k\u00f6y Lifemobil Evde Sa\u011fl\u0131k ve Bak\u0131m\",\"description\":\"\",\"potentialAction\":[{\"@type\":\"SearchAction\",\"target\":{\"@type\":\"EntryPoint\",\"urlTemplate\":\"https:\/\/lifemobilevdesaglik.com\/?s={search_term_string}\"},\"query-input\":{\"@type\":\"PropertyValueSpecification\",\"valueRequired\":true,\"valueName\":\"search_term_string\"}}],\"inLanguage\":\"en-US\"}]}<\/script>\n<!-- \/ Yoast SEO plugin. -->","yoast_head_json":{"title":"Contact - Kad\u0131k\u00f6y Lifemobil Evde Sa\u011fl\u0131k ve Bak\u0131m","robots":{"index":"index","follow":"follow","max-snippet":"max-snippet:-1","max-image-preview":"max-image-preview:large","max-video-preview":"max-video-preview:-1"},"canonical":"https:\/\/lifemobilevdesaglik.com\/en\/contact\/","og_locale":"en_US","og_type":"article","og_title":"Contact - Kad\u0131k\u00f6y Lifemobil Evde Sa\u011fl\u0131k ve Bak\u0131m","og_description":"[vc_row][vc_column width=&#8221;1\/2&#8243;][vc_single_image image=&#8221;625&#8243; img_size=&#8221;full&#8221; css=&#8221;&#8221;][vc_custom_heading text=&#8221;Get Free Information&#8221; font_container=&#8221;tag:h3|text_align:left&#8221; use_theme_fonts=&#8221;yes&#8221; css=&#8221;&#8221; el_class=&#8221;secheading&#8221;][vc_column_text css=&#8221;&#8221;] You can write to us on any subject by filling out the form below. Your information will be kept confidential under our Privacy, Personal Data, and Cookie Policy. Please make sure to fill out the form completely so that we can reach you. Our team will contact you. [\/vc_column_text][vc_row_inner el_class=&#8221;contentwhite&#8221;][vc_column_inner][\/vc_column_inner][\/vc_row_inner][\/vc_column][vc_column width=&#8221;1\/2&#8243; el_class=&#8221;polileftspace lfcontent&#8221;][vc_single_image image=&#8221;625&#8243; img_size=&#8221;full&#8221; css=&#8221;&#8221;][vc_custom_heading text=&#8221;Contact Information&#8221; font_container=&#8221;tag:h3|text_align:left&#8221; use_theme_fonts=&#8221;yes&#8221; css=&#8221;&#8221; el_class=&#8221;secheading&#8221;][vc_column_text css=&#8221;.vc_custom_1740437765412{margin-top: 50px !important;}&#8221;]G\u00f6ztepe Mah. Ba\u011fdat Caddesi No: 191\/1-1 34730 \u00c7iftehavuzlar &#8211; Kad\u0131k\u00f6y \/ \u0130stanbul\/ Turkey T :\u00a0444 54 66 W: +90 554 837 49 02 [&hellip;]","og_url":"https:\/\/lifemobilevdesaglik.com\/en\/contact\/","og_site_name":"Kad\u0131k\u00f6y Lifemobil Evde Sa\u011fl\u0131k ve Bak\u0131m","article_modified_time":"2025-02-24T22:56:10+00:00","twitter_card":"summary_large_image","twitter_misc":{"Est. reading time":"2 minutes"},"schema":{"@context":"https:\/\/schema.org","@graph":[{"@type":"WebPage","@id":"https:\/\/lifemobilevdesaglik.com\/en\/contact\/","url":"https:\/\/lifemobilevdesaglik.com\/en\/contact\/","name":"Contact - Kad\u0131k\u00f6y Lifemobil Evde Sa\u011fl\u0131k ve Bak\u0131m","isPartOf":{"@id":"https:\/\/lifemobilevdesaglik.com\/#website"},"datePublished":"2024-12-29T19:55:30+00:00","dateModified":"2025-02-24T22:56:10+00:00","breadcrumb":{"@id":"https:\/\/lifemobilevdesaglik.com\/en\/contact\/#breadcrumb"},"inLanguage":"en-US","potentialAction":[{"@type":"ReadAction","target":["https:\/\/lifemobilevdesaglik.com\/en\/contact\/"]}]},{"@type":"BreadcrumbList","@id":"https:\/\/lifemobilevdesaglik.com\/en\/contact\/#breadcrumb","itemListElement":[{"@type":"ListItem","position":1,"name":"Anasayfa","item":"https:\/\/lifemobilevdesaglik.com\/en\/"},{"@type":"ListItem","position":2,"name":"Contact"}]},{"@type":"WebSite","@id":"https:\/\/lifemobilevdesaglik.com\/#website","url":"https:\/\/lifemobilevdesaglik.com\/","name":"Kad\u0131k\u00f6y Lifemobil Evde Sa\u011fl\u0131k ve Bak\u0131m","description":"","potentialAction":[{"@type":"SearchAction","target":{"@type":"EntryPoint","urlTemplate":"https:\/\/lifemobilevdesaglik.com\/?s={search_term_string}"},"query-input":{"@type":"PropertyValueSpecification","valueRequired":true,"valueName":"search_term_string"}}],"inLanguage":"en-US"}]}},"_links":{"self":[{"href":"https:\/\/lifemobilevdesaglik.com\/en\/wp-json\/wp\/v2\/pages\/2308","targetHints":{"allow":["GET"]}}],"collection":[{"href":"https:\/\/lifemobilevdesaglik.com\/en\/wp-json\/wp\/v2\/pages"}],"about":[{"href":"https:\/\/lifemobilevdesaglik.com\/en\/wp-json\/wp\/v2\/types\/page"}],"author":[{"embeddable":true,"href":"https:\/\/lifemobilevdesaglik.com\/en\/wp-json\/wp\/v2\/users\/1"}],"replies":[{"embeddable":true,"href":"https:\/\/lifemobilevdesaglik.com\/en\/wp-json\/wp\/v2\/comments?post=2308"}],"version-history":[{"count":3,"href":"https:\/\/lifemobilevdesaglik.com\/en\/wp-json\/wp\/v2\/pages\/2308\/revisions"}],"predecessor-version":[{"id":2377,"href":"https:\/\/lifemobilevdesaglik.com\/en\/wp-json\/wp\/v2\/pages\/2308\/revisions\/2377"}],"wp:attachment":[{"href":"https:\/\/lifemobilevdesaglik.com\/en\/wp-json\/wp\/v2\/media?parent=2308"}],"curies":[{"name":"wp","href":"https:\/\/api.w.org\/{rel}","templated":true}]}}